{"id":27210,"date":"2025-11-24T16:28:03","date_gmt":"2025-11-24T15:28:03","guid":{"rendered":"https:\/\/stampcurio.com\/product\/1945-majus-magyarorszag-helyi-ii-sulyu-voroskereszt-level-ritka-az-europai-haboru-veget-ert-belyegzessel\/"},"modified":"2026-01-05T15:14:19","modified_gmt":"2026-01-05T14:14:19","slug":"1945-magyarorszag-majus-helyi-ii-sulyu-voroskereszt-boritek-ritka-az-europai-haboru-veget-ert-belyegzessel","status":"publish","type":"product","link":"https:\/\/stampcurio.com\/hu\/termek\/1945-magyarorszag-majus-helyi-ii-sulyu-voroskereszt-boritek-ritka-az-europai-haboru-veget-ert-belyegzessel\/","title":{"rendered":"1945 Magyarorsz\u00e1g &#8211; m\u00e1jus &#8211; helyi II. s\u00faly\u00fa V\u00f6r\u00f6skereszt bor\u00edt\u00e9k, ritka, \u201eAz eur\u00f3pai h\u00e1bor\u00fa v\u00e9get \u00e9rt\u201d b\u00e9lyegz\u00e9ssel"},"content":{"rendered":"","protected":false},"excerpt":{"rendered":"","protected":false},"featured_media":28903,"template":"","meta":[],"product_brand":[],"product_cat":[1172],"product_tag":[1669,233,1041,89,256,1006,328],"class_list":{"0":"post-27210","1":"product","2":"type-product","3":"status-publish","4":"has-post-thumbnail","6":"product_cat-magyarorszag","7":"product_tag-3rd-auction","8":"product_tag-cenzura","9":"product_tag-marcophily-hu","10":"product_tag-postatortenet","11":"product_tag-provizorium","12":"product_tag-unsold","13":"product_tag-voroskereszt","15":"first","16":"instock","17":"sold-individually","18":"shipping-taxable","19":"purchasable","20":"product-type-simple"},"_links":{"self":[{"href":"https:\/\/stampcurio.com\/hu\/wp-json\/wp\/v2\/product\/27210","targetHints":{"allow":["GET"]}}],"collection":[{"href":"https:\/\/stampcurio.com\/hu\/wp-json\/wp\/v2\/product"}],"about":[{"href":"https:\/\/stampcurio.com\/hu\/wp-json\/wp\/v2\/types\/product"}],"wp:featuredmedia":[{"embeddable":true,"href":"https:\/\/stampcurio.com\/hu\/wp-json\/wp\/v2\/media\/28903"}],"wp:attachment":[{"href":"https:\/\/stampcurio.com\/hu\/wp-json\/wp\/v2\/media?parent=27210"}],"wp:term":[{"taxonomy":"product_brand","embeddable":true,"href":"https:\/\/stampcurio.com\/hu\/wp-json\/wp\/v2\/product_brand?post=27210"},{"taxonomy":"product_cat","embeddable":true,"href":"https:\/\/stampcurio.com\/hu\/wp-json\/wp\/v2\/product_cat?post=27210"},{"taxonomy":"product_tag","embeddable":true,"href":"https:\/\/stampcurio.com\/hu\/wp-json\/wp\/v2\/product_tag?post=27210"}],"curies":[{"name":"wp","href":"https:\/\/api.w.org\/{rel}","templated":true}]}}