{"id":27208,"date":"2025-11-24T16:28:02","date_gmt":"2025-11-24T15:28:02","guid":{"rendered":"https:\/\/stampcurio.com\/product\/1945-szeptember-magyarorszag-1944-es-2-p-belyeg-tarifahelyes-tobbes-felhasznalasa-koznapi-levelen\/"},"modified":"2025-12-05T04:03:29","modified_gmt":"2025-12-05T03:03:29","slug":"1945-magyarorszag-szeptember-1944-es-2-pengo-belyeg-tarifahelyes-tobbes-felhasznalasa-koznapi-boritekon","status":"publish","type":"product","link":"https:\/\/stampcurio.com\/hu\/termek\/1945-magyarorszag-szeptember-1944-es-2-pengo-belyeg-tarifahelyes-tobbes-felhasznalasa-koznapi-boritekon\/","title":{"rendered":"1945 Magyarorsz\u00e1g &#8211; szeptember &#8211; 1944-es 2 Peng\u0151 b\u00e9lyeg tarifahelyes t\u00f6bbes felhaszn\u00e1l\u00e1sa k\u00f6znapi bor\u00edt\u00e9kon"},"content":{"rendered":"","protected":false},"excerpt":{"rendered":"<p>Futott k\u00fcldem\u00e9nyen a fel\u00fclnyom\u00e1s n\u00e9lk\u00fcli b\u00e9lyeg ritk\u00e1n l\u00e1that\u00f3.<\/p>\n","protected":false},"featured_media":28775,"template":"","meta":[],"product_brand":[],"product_cat":[1172],"product_tag":[1669,116,89],"class_list":{"0":"post-27208","1":"product","2":"type-product","3":"status-publish","4":"has-post-thumbnail","6":"product_cat-magyarorszag","7":"product_tag-3rd-auction","8":"product_tag-belyeg","9":"product_tag-postatortenet","11":"first","12":"outofstock","13":"sold-individually","14":"shipping-taxable","15":"purchasable","16":"product-type-simple"},"_links":{"self":[{"href":"https:\/\/stampcurio.com\/hu\/wp-json\/wp\/v2\/product\/27208","targetHints":{"allow":["GET"]}}],"collection":[{"href":"https:\/\/stampcurio.com\/hu\/wp-json\/wp\/v2\/product"}],"about":[{"href":"https:\/\/stampcurio.com\/hu\/wp-json\/wp\/v2\/types\/product"}],"wp:featuredmedia":[{"embeddable":true,"href":"https:\/\/stampcurio.com\/hu\/wp-json\/wp\/v2\/media\/28775"}],"wp:attachment":[{"href":"https:\/\/stampcurio.com\/hu\/wp-json\/wp\/v2\/media?parent=27208"}],"wp:term":[{"taxonomy":"product_brand","embeddable":true,"href":"https:\/\/stampcurio.com\/hu\/wp-json\/wp\/v2\/product_brand?post=27208"},{"taxonomy":"product_cat","embeddable":true,"href":"https:\/\/stampcurio.com\/hu\/wp-json\/wp\/v2\/product_cat?post=27208"},{"taxonomy":"product_tag","embeddable":true,"href":"https:\/\/stampcurio.com\/hu\/wp-json\/wp\/v2\/product_tag?post=27208"}],"curies":[{"name":"wp","href":"https:\/\/api.w.org\/{rel}","templated":true}]}}