{"id":27207,"date":"2025-11-24T16:28:01","date_gmt":"2025-11-24T15:28:01","guid":{"rendered":"https:\/\/stampcurio.com\/product\/1851-romania-hivatalos-level-szamosujvar-negativ-belyegzovel-kezi-datumkiegeszitessel-hatul-a-pecset-kivagva-rompes-200\/"},"modified":"2025-12-05T04:03:30","modified_gmt":"2025-12-05T03:03:30","slug":"1851-ausztria-magyarorszag-hivatalos-level-szamosujvar-negativ-belyegzovel-kezi-datumkiegeszitessel-hatul-a-pecset-kivagva-rompes-200-pont-muller-40x20-points","status":"publish","type":"product","link":"https:\/\/stampcurio.com\/hu\/termek\/1851-ausztria-magyarorszag-hivatalos-level-szamosujvar-negativ-belyegzovel-kezi-datumkiegeszitessel-hatul-a-pecset-kivagva-rompes-200-pont-muller-40x20-points\/","title":{"rendered":"1851 Ausztria &#8211; Magyarorsz\u00e1g &#8211; Hivatalos lev\u00e9l Szamos\u00fajv\u00e1r negat\u00edv b\u00e9lyegz\u0151vel, k\u00e9zi d\u00e1tumkieg\u00e9sz\u00edt\u00e9ssel, h\u00e1tul a pecs\u00e9t kiv\u00e1gva | Rompes: 200 pont | M\u00fcller: 40&#215;20 points"},"content":{"rendered":"","protected":false},"excerpt":{"rendered":"","protected":false},"featured_media":28864,"template":"","meta":[],"product_brand":[],"product_cat":[1178,1172,1208],"product_tag":[1669,1041,89],"class_list":{"0":"post-27207","1":"product","2":"type-product","3":"status-publish","4":"has-post-thumbnail","6":"product_cat-ausztria","7":"product_cat-magyarorszag","8":"product_cat-romania","9":"product_tag-3rd-auction","10":"product_tag-marcophily-hu","11":"product_tag-postatortenet","13":"first","14":"outofstock","15":"sold-individually","16":"shipping-taxable","17":"purchasable","18":"product-type-simple"},"_links":{"self":[{"href":"https:\/\/stampcurio.com\/hu\/wp-json\/wp\/v2\/product\/27207","targetHints":{"allow":["GET"]}}],"collection":[{"href":"https:\/\/stampcurio.com\/hu\/wp-json\/wp\/v2\/product"}],"about":[{"href":"https:\/\/stampcurio.com\/hu\/wp-json\/wp\/v2\/types\/product"}],"wp:featuredmedia":[{"embeddable":true,"href":"https:\/\/stampcurio.com\/hu\/wp-json\/wp\/v2\/media\/28864"}],"wp:attachment":[{"href":"https:\/\/stampcurio.com\/hu\/wp-json\/wp\/v2\/media?parent=27207"}],"wp:term":[{"taxonomy":"product_brand","embeddable":true,"href":"https:\/\/stampcurio.com\/hu\/wp-json\/wp\/v2\/product_brand?post=27207"},{"taxonomy":"product_cat","embeddable":true,"href":"https:\/\/stampcurio.com\/hu\/wp-json\/wp\/v2\/product_cat?post=27207"},{"taxonomy":"product_tag","embeddable":true,"href":"https:\/\/stampcurio.com\/hu\/wp-json\/wp\/v2\/product_tag?post=27207"}],"curies":[{"name":"wp","href":"https:\/\/api.w.org\/{rel}","templated":true}]}}