{"id":27206,"date":"2025-11-24T16:28:01","date_gmt":"2025-11-24T15:28:01","guid":{"rendered":"https:\/\/stampcurio.com\/product\/1941-magyarorszag-muvesz-blokk-100-as-postai-felbontatlan-kotegben-mi-750-eur\/"},"modified":"2026-01-05T15:14:20","modified_gmt":"2026-01-05T14:14:20","slug":"1941-magyarorszag-muvesz-blokk-100-as-postai-felbontatlan-kotegben-mi-750-eur","status":"publish","type":"product","link":"https:\/\/stampcurio.com\/hu\/termek\/1941-magyarorszag-muvesz-blokk-100-as-postai-felbontatlan-kotegben-mi-750-eur\/","title":{"rendered":"1941 Magyarorsz\u00e1g &#8211; M\u0171v\u00e9sz blokk 100-as postai felbontatlan k\u00f6tegben | Mi: 750 EUR"},"content":{"rendered":"","protected":false},"excerpt":{"rendered":"<p>85 \u00e9v ut\u00e1n is m\u00e9g felbontatlan!<\/p>\n","protected":false},"featured_media":28871,"template":"","meta":[],"product_brand":[],"product_cat":[1172],"product_tag":[1669,116,176,1006],"class_list":{"0":"post-27206","1":"product","2":"type-product","3":"status-publish","4":"has-post-thumbnail","6":"product_cat-magyarorszag","7":"product_tag-3rd-auction","8":"product_tag-belyeg","9":"product_tag-philagem","10":"product_tag-unsold","12":"first","13":"instock","14":"sold-individually","15":"shipping-taxable","16":"purchasable","17":"product-type-simple"},"_links":{"self":[{"href":"https:\/\/stampcurio.com\/hu\/wp-json\/wp\/v2\/product\/27206","targetHints":{"allow":["GET"]}}],"collection":[{"href":"https:\/\/stampcurio.com\/hu\/wp-json\/wp\/v2\/product"}],"about":[{"href":"https:\/\/stampcurio.com\/hu\/wp-json\/wp\/v2\/types\/product"}],"wp:featuredmedia":[{"embeddable":true,"href":"https:\/\/stampcurio.com\/hu\/wp-json\/wp\/v2\/media\/28871"}],"wp:attachment":[{"href":"https:\/\/stampcurio.com\/hu\/wp-json\/wp\/v2\/media?parent=27206"}],"wp:term":[{"taxonomy":"product_brand","embeddable":true,"href":"https:\/\/stampcurio.com\/hu\/wp-json\/wp\/v2\/product_brand?post=27206"},{"taxonomy":"product_cat","embeddable":true,"href":"https:\/\/stampcurio.com\/hu\/wp-json\/wp\/v2\/product_cat?post=27206"},{"taxonomy":"product_tag","embeddable":true,"href":"https:\/\/stampcurio.com\/hu\/wp-json\/wp\/v2\/product_tag?post=27206"}],"curies":[{"name":"wp","href":"https:\/\/api.w.org\/{rel}","templated":true}]}}