{"id":27204,"date":"2025-11-24T16:28:00","date_gmt":"2025-11-24T15:28:00","guid":{"rendered":"https:\/\/stampcurio.com\/product\/1914-magyarorszag-okmanybelyeghez-keszult-megvalosult-es-megvalosulatlan-belyegtervek\/"},"modified":"2025-12-05T04:03:31","modified_gmt":"2025-12-05T03:03:31","slug":"1914-magyarorszag-okmanybelyeghez-keszult-belyegtervek-nyomdai-fotoi","status":"publish","type":"product","link":"https:\/\/stampcurio.com\/hu\/termek\/1914-magyarorszag-okmanybelyeghez-keszult-belyegtervek-nyomdai-fotoi\/","title":{"rendered":"1914 Magyarorsz\u00e1g &#8211; Okm\u00e1nyb\u00e9lyeghez k\u00e9sz\u00fclt b\u00e9lyegtervek nyomdai fot\u00f3i"},"content":{"rendered":"","protected":false},"excerpt":{"rendered":"<p>Hat megval\u00f3sulatlan b\u00e9lyegterv Amberg J\u00f3zsef, Bokros Ferenc \u00e9s F\u00f6ldes Imr\u00e9t\u0151l. A 30 fill\u00e9res b\u00e9lyegterv F\u00f6ldes Imre munk\u00e1ja, amely a 6-50 koron\u00e1s \u00e9rt\u00e9keken val\u00f3sult meg. Feltehet\u0151leg a tervez\u0151k szign\u00f3ival.<\/p>\n","protected":false},"featured_media":32438,"template":"","meta":[],"product_brand":[],"product_cat":[1172],"product_tag":[1669,282,390],"class_list":{"0":"post-27204","1":"product","2":"type-product","3":"status-publish","4":"has-post-thumbnail","6":"product_cat-magyarorszag","7":"product_tag-3rd-auction","8":"product_tag-okmanybelyeg","9":"product_tag-probanyomat","11":"first","12":"outofstock","13":"sold-individually","14":"shipping-taxable","15":"purchasable","16":"product-type-simple"},"_links":{"self":[{"href":"https:\/\/stampcurio.com\/hu\/wp-json\/wp\/v2\/product\/27204","targetHints":{"allow":["GET"]}}],"collection":[{"href":"https:\/\/stampcurio.com\/hu\/wp-json\/wp\/v2\/product"}],"about":[{"href":"https:\/\/stampcurio.com\/hu\/wp-json\/wp\/v2\/types\/product"}],"wp:featuredmedia":[{"embeddable":true,"href":"https:\/\/stampcurio.com\/hu\/wp-json\/wp\/v2\/media\/32438"}],"wp:attachment":[{"href":"https:\/\/stampcurio.com\/hu\/wp-json\/wp\/v2\/media?parent=27204"}],"wp:term":[{"taxonomy":"product_brand","embeddable":true,"href":"https:\/\/stampcurio.com\/hu\/wp-json\/wp\/v2\/product_brand?post=27204"},{"taxonomy":"product_cat","embeddable":true,"href":"https:\/\/stampcurio.com\/hu\/wp-json\/wp\/v2\/product_cat?post=27204"},{"taxonomy":"product_tag","embeddable":true,"href":"https:\/\/stampcurio.com\/hu\/wp-json\/wp\/v2\/product_tag?post=27204"}],"curies":[{"name":"wp","href":"https:\/\/api.w.org\/{rel}","templated":true}]}}