{"id":27203,"date":"2025-11-24T16:28:00","date_gmt":"2025-11-24T15:28:00","guid":{"rendered":"https:\/\/stampcurio.com\/product\/1889-magyarorszag-ddsg-igazolojegy-mihalovits-lazar-allomasfonoknek\/"},"modified":"2026-01-05T15:14:21","modified_gmt":"2026-01-05T14:14:21","slug":"1889-magyarorszag-ddsg-igazolojegy-mihalovits-lazar-allomasfonoknek","status":"publish","type":"product","link":"https:\/\/stampcurio.com\/hu\/termek\/1889-magyarorszag-ddsg-igazolojegy-mihalovits-lazar-allomasfonoknek\/","title":{"rendered":"1889 Magyarorsz\u00e1g &#8211; DDSG igazol\u00f3jegy Mihalovits L\u00e1z\u00e1r \u00e1llom\u00e1sf\u0151n\u00f6knek"},"content":{"rendered":"","protected":false},"excerpt":{"rendered":"","protected":false},"featured_media":35505,"template":"","meta":[],"product_brand":[],"product_cat":[1178,1172],"product_tag":[1669,323,1006],"class_list":{"0":"post-27203","1":"product","2":"type-product","3":"status-publish","4":"has-post-thumbnail","6":"product_cat-ausztria","7":"product_cat-magyarorszag","8":"product_tag-3rd-auction","9":"product_tag-ddsg","10":"product_tag-unsold","12":"first","13":"instock","14":"sold-individually","15":"shipping-taxable","16":"purchasable","17":"product-type-simple"},"_links":{"self":[{"href":"https:\/\/stampcurio.com\/hu\/wp-json\/wp\/v2\/product\/27203","targetHints":{"allow":["GET"]}}],"collection":[{"href":"https:\/\/stampcurio.com\/hu\/wp-json\/wp\/v2\/product"}],"about":[{"href":"https:\/\/stampcurio.com\/hu\/wp-json\/wp\/v2\/types\/product"}],"wp:featuredmedia":[{"embeddable":true,"href":"https:\/\/stampcurio.com\/hu\/wp-json\/wp\/v2\/media\/35505"}],"wp:attachment":[{"href":"https:\/\/stampcurio.com\/hu\/wp-json\/wp\/v2\/media?parent=27203"}],"wp:term":[{"taxonomy":"product_brand","embeddable":true,"href":"https:\/\/stampcurio.com\/hu\/wp-json\/wp\/v2\/product_brand?post=27203"},{"taxonomy":"product_cat","embeddable":true,"href":"https:\/\/stampcurio.com\/hu\/wp-json\/wp\/v2\/product_cat?post=27203"},{"taxonomy":"product_tag","embeddable":true,"href":"https:\/\/stampcurio.com\/hu\/wp-json\/wp\/v2\/product_tag?post=27203"}],"curies":[{"name":"wp","href":"https:\/\/api.w.org\/{rel}","templated":true}]}}