{"id":27202,"date":"2025-11-24T16:27:59","date_gmt":"2025-11-24T15:27:59","guid":{"rendered":"https:\/\/stampcurio.com\/product\/1845-magyarorszag-komplett-level-es-szamla-b-s-bruck-a-d-l-belyegzessel-gyorbe-kuldve-muller-20x2\/"},"modified":"2026-01-05T15:14:21","modified_gmt":"2026-01-05T14:14:21","slug":"1845-ausztria-komplett-level-es-szamla-b-s-bruck-a-d-l-belyegzessel-gyorbe-kuldve-muller-202-pont","status":"publish","type":"product","link":"https:\/\/stampcurio.com\/hu\/termek\/1845-ausztria-komplett-level-es-szamla-b-s-bruck-a-d-l-belyegzessel-gyorbe-kuldve-muller-202-pont\/","title":{"rendered":"1845 Ausztria &#8211; Komplett lev\u00e9l \u00e9s sz\u00e1mla, B.S. Br\u00fcck a.d.L b\u00e9lyegz\u00e9ssel Gy\u0151rbe k\u00fcldve | M\u00fcller: 20*2 pont"},"content":{"rendered":"","protected":false},"excerpt":{"rendered":"","protected":false},"featured_media":28879,"template":"","meta":[],"product_brand":[],"product_cat":[1178,1172],"product_tag":[1669,1041,89,1006,1305],"class_list":{"0":"post-27202","1":"product","2":"type-product","3":"status-publish","4":"has-post-thumbnail","6":"product_cat-ausztria","7":"product_cat-magyarorszag","8":"product_tag-3rd-auction","9":"product_tag-marcophily-hu","10":"product_tag-postatortenet","11":"product_tag-unsold","12":"product_tag-vorphila","14":"first","15":"instock","16":"sold-individually","17":"shipping-taxable","18":"purchasable","19":"product-type-simple"},"_links":{"self":[{"href":"https:\/\/stampcurio.com\/hu\/wp-json\/wp\/v2\/product\/27202","targetHints":{"allow":["GET"]}}],"collection":[{"href":"https:\/\/stampcurio.com\/hu\/wp-json\/wp\/v2\/product"}],"about":[{"href":"https:\/\/stampcurio.com\/hu\/wp-json\/wp\/v2\/types\/product"}],"wp:featuredmedia":[{"embeddable":true,"href":"https:\/\/stampcurio.com\/hu\/wp-json\/wp\/v2\/media\/28879"}],"wp:attachment":[{"href":"https:\/\/stampcurio.com\/hu\/wp-json\/wp\/v2\/media?parent=27202"}],"wp:term":[{"taxonomy":"product_brand","embeddable":true,"href":"https:\/\/stampcurio.com\/hu\/wp-json\/wp\/v2\/product_brand?post=27202"},{"taxonomy":"product_cat","embeddable":true,"href":"https:\/\/stampcurio.com\/hu\/wp-json\/wp\/v2\/product_cat?post=27202"},{"taxonomy":"product_tag","embeddable":true,"href":"https:\/\/stampcurio.com\/hu\/wp-json\/wp\/v2\/product_tag?post=27202"}],"curies":[{"name":"wp","href":"https:\/\/api.w.org\/{rel}","templated":true}]}}