{"id":27201,"date":"2025-11-24T16:27:59","date_gmt":"2025-11-24T15:27:59","guid":{"rendered":"https:\/\/stampcurio.com\/product\/1920-romania-karansebesrol-temesvarra-kuldott-cenzurazott-ajanlott-level-magyar-belyegekkel-bermentesitve-magyar-porto-belyegek-postabelyegkent-felhasznalva\/"},"modified":"2026-01-07T13:05:11","modified_gmt":"2026-01-07T12:05:11","slug":"1920-romania-karansebesrol-temesvarra-kuldott-cenzurazott-ajanlott-level-magyar-belyegekkel-bermentesitve-a-magyar-porto-belyeg-provizorikusan-postabelyegkent-felhasznalva","status":"publish","type":"product","link":"https:\/\/stampcurio.com\/hu\/termek\/1920-romania-karansebesrol-temesvarra-kuldott-cenzurazott-ajanlott-level-magyar-belyegekkel-bermentesitve-a-magyar-porto-belyeg-provizorikusan-postabelyegkent-felhasznalva\/","title":{"rendered":"1920 Rom\u00e1nia &#8211; Kar\u00e1nsebesr\u0151l Temesv\u00e1rra k\u00fcld\u00f6tt cenz\u00far\u00e1zott aj\u00e1nlott lev\u00e9l, magyar b\u00e9lyegekkel b\u00e9rmentes\u00edtve, a magyar port\u00f3 b\u00e9lyeg proviz\u00f3rikusan postab\u00e9lyegk\u00e9nt felhaszn\u00e1lva"},"content":{"rendered":"","protected":false},"excerpt":{"rendered":"","protected":false},"featured_media":28875,"template":"","meta":[],"product_brand":[],"product_cat":[1172,1208],"product_tag":[1669,233,1332,108,89,256],"class_list":{"0":"post-27201","1":"product","2":"type-product","3":"status-publish","4":"has-post-thumbnail","6":"product_cat-magyarorszag","7":"product_cat-romania","8":"product_tag-3rd-auction","9":"product_tag-cenzura","10":"product_tag-helyi-kiadas","11":"product_tag-porto","12":"product_tag-postatortenet","13":"product_tag-provizorium","15":"first","16":"outofstock","17":"sold-individually","18":"shipping-taxable","19":"purchasable","20":"product-type-simple"},"_links":{"self":[{"href":"https:\/\/stampcurio.com\/hu\/wp-json\/wp\/v2\/product\/27201","targetHints":{"allow":["GET"]}}],"collection":[{"href":"https:\/\/stampcurio.com\/hu\/wp-json\/wp\/v2\/product"}],"about":[{"href":"https:\/\/stampcurio.com\/hu\/wp-json\/wp\/v2\/types\/product"}],"wp:featuredmedia":[{"embeddable":true,"href":"https:\/\/stampcurio.com\/hu\/wp-json\/wp\/v2\/media\/28875"}],"wp:attachment":[{"href":"https:\/\/stampcurio.com\/hu\/wp-json\/wp\/v2\/media?parent=27201"}],"wp:term":[{"taxonomy":"product_brand","embeddable":true,"href":"https:\/\/stampcurio.com\/hu\/wp-json\/wp\/v2\/product_brand?post=27201"},{"taxonomy":"product_cat","embeddable":true,"href":"https:\/\/stampcurio.com\/hu\/wp-json\/wp\/v2\/product_cat?post=27201"},{"taxonomy":"product_tag","embeddable":true,"href":"https:\/\/stampcurio.com\/hu\/wp-json\/wp\/v2\/product_tag?post=27201"}],"curies":[{"name":"wp","href":"https:\/\/api.w.org\/{rel}","templated":true}]}}