{"id":27200,"date":"2025-11-24T16:27:59","date_gmt":"2025-11-24T15:27:59","guid":{"rendered":"https:\/\/stampcurio.com\/product\/1842-magyarorszag-oreglak-kek-belyegzo-kezi-datumkiegeszitessel-rompes-50-gudlin-300\/"},"modified":"2026-01-05T15:14:21","modified_gmt":"2026-01-05T14:14:21","slug":"1842-ausztria-magyarorszag-oreglak-kek-belyegzes-kezi-datumkiegeszitessel-rompes-50-pont-gudlin-300-pont-muller-60-pont","status":"publish","type":"product","link":"https:\/\/stampcurio.com\/hu\/termek\/1842-ausztria-magyarorszag-oreglak-kek-belyegzes-kezi-datumkiegeszitessel-rompes-50-pont-gudlin-300-pont-muller-60-pont\/","title":{"rendered":"1842 Ausztria &#8211; Magyarorsz\u00e1g &#8211; \u00d6reglak k\u00e9k b\u00e9lyegz\u00e9s k\u00e9zi d\u00e1tumkieg\u00e9sz\u00edt\u00e9ssel | Rompes: 50 pont | Gudlin 300 pont | M\u00fcller: 60 pont"},"content":{"rendered":"","protected":false},"excerpt":{"rendered":"","protected":false},"featured_media":28858,"template":"","meta":[],"product_brand":[],"product_cat":[1178,1172],"product_tag":[1669,1041,89,1006,1305],"class_list":{"0":"post-27200","1":"product","2":"type-product","3":"status-publish","4":"has-post-thumbnail","6":"product_cat-ausztria","7":"product_cat-magyarorszag","8":"product_tag-3rd-auction","9":"product_tag-marcophily-hu","10":"product_tag-postatortenet","11":"product_tag-unsold","12":"product_tag-vorphila","14":"first","15":"instock","16":"sold-individually","17":"shipping-taxable","18":"purchasable","19":"product-type-simple"},"_links":{"self":[{"href":"https:\/\/stampcurio.com\/hu\/wp-json\/wp\/v2\/product\/27200","targetHints":{"allow":["GET"]}}],"collection":[{"href":"https:\/\/stampcurio.com\/hu\/wp-json\/wp\/v2\/product"}],"about":[{"href":"https:\/\/stampcurio.com\/hu\/wp-json\/wp\/v2\/types\/product"}],"wp:featuredmedia":[{"embeddable":true,"href":"https:\/\/stampcurio.com\/hu\/wp-json\/wp\/v2\/media\/28858"}],"wp:attachment":[{"href":"https:\/\/stampcurio.com\/hu\/wp-json\/wp\/v2\/media?parent=27200"}],"wp:term":[{"taxonomy":"product_brand","embeddable":true,"href":"https:\/\/stampcurio.com\/hu\/wp-json\/wp\/v2\/product_brand?post=27200"},{"taxonomy":"product_cat","embeddable":true,"href":"https:\/\/stampcurio.com\/hu\/wp-json\/wp\/v2\/product_cat?post=27200"},{"taxonomy":"product_tag","embeddable":true,"href":"https:\/\/stampcurio.com\/hu\/wp-json\/wp\/v2\/product_tag?post=27200"}],"curies":[{"name":"wp","href":"https:\/\/api.w.org\/{rel}","templated":true}]}}