{"id":27199,"date":"2025-11-24T16:27:58","date_gmt":"2025-11-24T15:27:58","guid":{"rendered":"https:\/\/stampcurio.com\/product\/1841-ausztria-teljes-level-hatoldalan-munkacs-negativ-belyegzovel-kezi-datumkiegeszitessel-rompes-35-muller\/"},"modified":"2025-12-05T04:03:32","modified_gmt":"2025-12-05T03:03:32","slug":"1841-ausztria-teljes-level-hatoldalan-munkacs-negativ-postamesteri-belyegzojevel-kezi-datumkiegeszitessel","status":"publish","type":"product","link":"https:\/\/stampcurio.com\/hu\/termek\/1841-ausztria-teljes-level-hatoldalan-munkacs-negativ-postamesteri-belyegzojevel-kezi-datumkiegeszitessel\/","title":{"rendered":"1841 Ausztria &#8211; Teljes lev\u00e9l h\u00e1toldal\u00e1n Munk\u00e1cs negat\u00edv postamesteri (!) b\u00e9lyegz\u0151j\u00e9vel, k\u00e9zi d\u00e1tumkieg\u00e9sz\u00edt\u00e9ssel"},"content":{"rendered":"","protected":false},"excerpt":{"rendered":"<p>A levelet felbontva adt\u00e1k post\u00e1ra ez\u00e9rt a Munk\u00e1csi postavezet\u0151 a postai b\u00e9lyegz\u0151vel lez\u00e1rta! Feltehet\u0151leg az egyetlen fennmaradt b\u00e9lyegz\u0151lenyomat! A b\u00e9lyegz\u0151 a szakirodalomban ismeretlen.<\/p>\n","protected":false},"featured_media":34364,"template":"","meta":[],"product_brand":[],"product_cat":[1178,1172,1226],"product_tag":[1669,1041,89,1305],"class_list":{"0":"post-27199","1":"product","2":"type-product","3":"status-publish","4":"has-post-thumbnail","6":"product_cat-ausztria","7":"product_cat-magyarorszag","8":"product_cat-ukrajna","9":"product_tag-3rd-auction","10":"product_tag-marcophily-hu","11":"product_tag-postatortenet","12":"product_tag-vorphila","14":"first","15":"outofstock","16":"sold-individually","17":"shipping-taxable","18":"purchasable","19":"product-type-simple"},"_links":{"self":[{"href":"https:\/\/stampcurio.com\/hu\/wp-json\/wp\/v2\/product\/27199","targetHints":{"allow":["GET"]}}],"collection":[{"href":"https:\/\/stampcurio.com\/hu\/wp-json\/wp\/v2\/product"}],"about":[{"href":"https:\/\/stampcurio.com\/hu\/wp-json\/wp\/v2\/types\/product"}],"wp:featuredmedia":[{"embeddable":true,"href":"https:\/\/stampcurio.com\/hu\/wp-json\/wp\/v2\/media\/34364"}],"wp:attachment":[{"href":"https:\/\/stampcurio.com\/hu\/wp-json\/wp\/v2\/media?parent=27199"}],"wp:term":[{"taxonomy":"product_brand","embeddable":true,"href":"https:\/\/stampcurio.com\/hu\/wp-json\/wp\/v2\/product_brand?post=27199"},{"taxonomy":"product_cat","embeddable":true,"href":"https:\/\/stampcurio.com\/hu\/wp-json\/wp\/v2\/product_cat?post=27199"},{"taxonomy":"product_tag","embeddable":true,"href":"https:\/\/stampcurio.com\/hu\/wp-json\/wp\/v2\/product_tag?post=27199"}],"curies":[{"name":"wp","href":"https:\/\/api.w.org\/{rel}","templated":true}]}}