{"id":27198,"date":"2025-11-24T16:27:58","date_gmt":"2025-11-24T15:27:58","guid":{"rendered":"https:\/\/stampcurio.com\/product\/1873-ausztria-1867-2-kr-belyeggel-bermentesitett-minta-ertek-nelkuli-tarifaval-kis-alaku-pergamen-tasak-tarifahelyesen-bermentesitve-ritka-kuldemenytipus\/"},"modified":"2025-12-05T04:03:32","modified_gmt":"2025-12-05T03:03:32","slug":"1867-ausztria-2-kr-belyeggel-bermentesitett-1873-ban-magyarorszagra-kuldott-minta-ertek-nelkul-tipusu-kuldemeny-kis-alaku-pergamen-tasak-ritka-kuldemenytipus","status":"publish","type":"product","link":"https:\/\/stampcurio.com\/hu\/termek\/1867-ausztria-2-kr-belyeggel-bermentesitett-1873-ban-magyarorszagra-kuldott-minta-ertek-nelkul-tipusu-kuldemeny-kis-alaku-pergamen-tasak-ritka-kuldemenytipus\/","title":{"rendered":"1867 Ausztria &#8211; 2 kr b\u00e9lyeggel b\u00e9rmentes\u00edtett 1873-ban Magyarorsz\u00e1gra k\u00fcld\u00f6tt &#8220;minta \u00e9rt\u00e9k n\u00e9lk\u00fcl&#8221; tipus\u00fa k\u00fcldem\u00e9ny, kis alak\u00fa pergamen tasak. Ritka k\u00fcldem\u00e9nyt\u00edpus!"},"content":{"rendered":"","protected":false},"excerpt":{"rendered":"","protected":false},"featured_media":28927,"template":"","meta":[],"product_brand":[],"product_cat":[1178,1172],"product_tag":[1669,89],"class_list":{"0":"post-27198","1":"product","2":"type-product","3":"status-publish","4":"has-post-thumbnail","6":"product_cat-ausztria","7":"product_cat-magyarorszag","8":"product_tag-3rd-auction","9":"product_tag-postatortenet","11":"first","12":"outofstock","13":"sold-individually","14":"shipping-taxable","15":"purchasable","16":"product-type-simple"},"_links":{"self":[{"href":"https:\/\/stampcurio.com\/hu\/wp-json\/wp\/v2\/product\/27198","targetHints":{"allow":["GET"]}}],"collection":[{"href":"https:\/\/stampcurio.com\/hu\/wp-json\/wp\/v2\/product"}],"about":[{"href":"https:\/\/stampcurio.com\/hu\/wp-json\/wp\/v2\/types\/product"}],"wp:featuredmedia":[{"embeddable":true,"href":"https:\/\/stampcurio.com\/hu\/wp-json\/wp\/v2\/media\/28927"}],"wp:attachment":[{"href":"https:\/\/stampcurio.com\/hu\/wp-json\/wp\/v2\/media?parent=27198"}],"wp:term":[{"taxonomy":"product_brand","embeddable":true,"href":"https:\/\/stampcurio.com\/hu\/wp-json\/wp\/v2\/product_brand?post=27198"},{"taxonomy":"product_cat","embeddable":true,"href":"https:\/\/stampcurio.com\/hu\/wp-json\/wp\/v2\/product_cat?post=27198"},{"taxonomy":"product_tag","embeddable":true,"href":"https:\/\/stampcurio.com\/hu\/wp-json\/wp\/v2\/product_tag?post=27198"}],"curies":[{"name":"wp","href":"https:\/\/api.w.org\/{rel}","templated":true}]}}