{"id":27197,"date":"2025-11-24T16:27:57","date_gmt":"2025-11-24T15:27:57","guid":{"rendered":"https:\/\/stampcurio.com\/product\/1928-papua-uj-guinea-budapestre-kuldott-level-amely-majdnem-ket-honapig-utazott-feladas-aprilis-13-erkezes-junius-11-ritka-destinacio\/"},"modified":"2025-12-05T04:03:33","modified_gmt":"2025-12-05T03:03:33","slug":"1928-papua-uj-guinea-magyarorszagra-kuldott-boritek-amely-majdnem-ket-honapig-utazott-feladas-aprilis-13-erkezes-junius-11-ritka-destinacio","status":"publish","type":"product","link":"https:\/\/stampcurio.com\/hu\/termek\/1928-papua-uj-guinea-magyarorszagra-kuldott-boritek-amely-majdnem-ket-honapig-utazott-feladas-aprilis-13-erkezes-junius-11-ritka-destinacio\/","title":{"rendered":"1928 P\u00e1pua-\u00daj-Guinea &#8211; Magyarorsz\u00e1gra k\u00fcld\u00f6tt bor\u00edt\u00e9k, amely majdnem k\u00e9t h\u00f3napig utazott (felad\u00e1s: \u00e1prilis 13., \u00e9rkez\u00e9s: j\u00fanius 11.). Ritka destin\u00e1ci\u00f3!"},"content":{"rendered":"","protected":false},"excerpt":{"rendered":"","protected":false},"featured_media":28771,"template":"","meta":[],"product_brand":[],"product_cat":[1172,1681],"product_tag":[1669,116,89],"class_list":{"0":"post-27197","1":"product","2":"type-product","3":"status-publish","4":"has-post-thumbnail","6":"product_cat-magyarorszag","7":"product_cat-papua-uj-guinea-2","8":"product_tag-3rd-auction","9":"product_tag-belyeg","10":"product_tag-postatortenet","12":"first","13":"outofstock","14":"sold-individually","15":"shipping-taxable","16":"purchasable","17":"product-type-simple"},"_links":{"self":[{"href":"https:\/\/stampcurio.com\/hu\/wp-json\/wp\/v2\/product\/27197","targetHints":{"allow":["GET"]}}],"collection":[{"href":"https:\/\/stampcurio.com\/hu\/wp-json\/wp\/v2\/product"}],"about":[{"href":"https:\/\/stampcurio.com\/hu\/wp-json\/wp\/v2\/types\/product"}],"wp:featuredmedia":[{"embeddable":true,"href":"https:\/\/stampcurio.com\/hu\/wp-json\/wp\/v2\/media\/28771"}],"wp:attachment":[{"href":"https:\/\/stampcurio.com\/hu\/wp-json\/wp\/v2\/media?parent=27197"}],"wp:term":[{"taxonomy":"product_brand","embeddable":true,"href":"https:\/\/stampcurio.com\/hu\/wp-json\/wp\/v2\/product_brand?post=27197"},{"taxonomy":"product_cat","embeddable":true,"href":"https:\/\/stampcurio.com\/hu\/wp-json\/wp\/v2\/product_cat?post=27197"},{"taxonomy":"product_tag","embeddable":true,"href":"https:\/\/stampcurio.com\/hu\/wp-json\/wp\/v2\/product_tag?post=27197"}],"curies":[{"name":"wp","href":"https:\/\/api.w.org\/{rel}","templated":true}]}}