{"id":27196,"date":"2025-11-24T16:27:57","date_gmt":"2025-11-24T15:27:57","guid":{"rendered":"https:\/\/stampcurio.com\/product\/1869-szerbia-hatarorvidek-igazolasi-jegy-zomborban-kiallitva-hatoldalon-a-15kr-dij-hatarorvideki-okmanybelyegekkel-lerova\/"},"modified":"2025-12-05T04:03:33","modified_gmt":"2025-12-05T03:03:33","slug":"1869-magyarorszag-hatarorvidek-igazolasi-jegy-zomborban-kiallitva-hatoldalon-a-15kr-dij-hatarorvideki-okmanybelyegekkel-lerova","status":"publish","type":"product","link":"https:\/\/stampcurio.com\/hu\/termek\/1869-magyarorszag-hatarorvidek-igazolasi-jegy-zomborban-kiallitva-hatoldalon-a-15kr-dij-hatarorvideki-okmanybelyegekkel-lerova\/","title":{"rendered":"1869 Magyarorsz\u00e1g &#8211; Hat\u00e1r\u0151rvid\u00e9k \u2013 igazol\u00e1si jegy Zomborban ki\u00e1ll\u00edtva, h\u00e1toldalon a 15kr d\u00edj hat\u00e1r\u0151rvid\u00e9ki okm\u00e1nyb\u00e9lyegekkel ler\u00f3va"},"content":{"rendered":"","protected":false},"excerpt":{"rendered":"","protected":false},"featured_media":28785,"template":"","meta":[],"product_brand":[],"product_cat":[1178,1192,1172,1245],"product_tag":[1669,282],"class_list":{"0":"post-27196","1":"product","2":"type-product","3":"status-publish","4":"has-post-thumbnail","6":"product_cat-ausztria","7":"product_cat-horvatorszag","8":"product_cat-magyarorszag","9":"product_cat-szerbia","10":"product_tag-3rd-auction","11":"product_tag-okmanybelyeg","13":"first","14":"outofstock","15":"sold-individually","16":"shipping-taxable","17":"purchasable","18":"product-type-simple"},"_links":{"self":[{"href":"https:\/\/stampcurio.com\/hu\/wp-json\/wp\/v2\/product\/27196","targetHints":{"allow":["GET"]}}],"collection":[{"href":"https:\/\/stampcurio.com\/hu\/wp-json\/wp\/v2\/product"}],"about":[{"href":"https:\/\/stampcurio.com\/hu\/wp-json\/wp\/v2\/types\/product"}],"wp:featuredmedia":[{"embeddable":true,"href":"https:\/\/stampcurio.com\/hu\/wp-json\/wp\/v2\/media\/28785"}],"wp:attachment":[{"href":"https:\/\/stampcurio.com\/hu\/wp-json\/wp\/v2\/media?parent=27196"}],"wp:term":[{"taxonomy":"product_brand","embeddable":true,"href":"https:\/\/stampcurio.com\/hu\/wp-json\/wp\/v2\/product_brand?post=27196"},{"taxonomy":"product_cat","embeddable":true,"href":"https:\/\/stampcurio.com\/hu\/wp-json\/wp\/v2\/product_cat?post=27196"},{"taxonomy":"product_tag","embeddable":true,"href":"https:\/\/stampcurio.com\/hu\/wp-json\/wp\/v2\/product_tag?post=27196"}],"curies":[{"name":"wp","href":"https:\/\/api.w.org\/{rel}","templated":true}]}}