{"id":27195,"date":"2025-11-24T16:27:57","date_gmt":"2025-11-24T15:27:57","guid":{"rendered":"https:\/\/stampcurio.com\/product\/1877-magyarorszag-1877-budapest-lr-lf-belyegzok-lenyomata-1-10\/"},"modified":"2025-12-05T04:03:32","modified_gmt":"2025-12-05T03:03:32","slug":"1877-magyarorszag-budapest-lr-lf-belyegzok-lenyomatai-1-10-sorszamokkal","status":"publish","type":"product","link":"https:\/\/stampcurio.com\/hu\/termek\/1877-magyarorszag-budapest-lr-lf-belyegzok-lenyomatai-1-10-sorszamokkal\/","title":{"rendered":"1877 Magyarorsz\u00e1g &#8211; Budapest LR \/ LF b\u00e9lyegz\u0151k lenyomatai 1-10 sorsz\u00e1mokkal"},"content":{"rendered":"","protected":false},"excerpt":{"rendered":"","protected":false},"featured_media":28749,"template":"","meta":[],"product_brand":[],"product_cat":[1172],"product_tag":[1669,1041,89],"class_list":{"0":"post-27195","1":"product","2":"type-product","3":"status-publish","4":"has-post-thumbnail","6":"product_cat-magyarorszag","7":"product_tag-3rd-auction","8":"product_tag-marcophily-hu","9":"product_tag-postatortenet","11":"first","12":"outofstock","13":"sold-individually","14":"shipping-taxable","15":"purchasable","16":"product-type-simple"},"_links":{"self":[{"href":"https:\/\/stampcurio.com\/hu\/wp-json\/wp\/v2\/product\/27195","targetHints":{"allow":["GET"]}}],"collection":[{"href":"https:\/\/stampcurio.com\/hu\/wp-json\/wp\/v2\/product"}],"about":[{"href":"https:\/\/stampcurio.com\/hu\/wp-json\/wp\/v2\/types\/product"}],"wp:featuredmedia":[{"embeddable":true,"href":"https:\/\/stampcurio.com\/hu\/wp-json\/wp\/v2\/media\/28749"}],"wp:attachment":[{"href":"https:\/\/stampcurio.com\/hu\/wp-json\/wp\/v2\/media?parent=27195"}],"wp:term":[{"taxonomy":"product_brand","embeddable":true,"href":"https:\/\/stampcurio.com\/hu\/wp-json\/wp\/v2\/product_brand?post=27195"},{"taxonomy":"product_cat","embeddable":true,"href":"https:\/\/stampcurio.com\/hu\/wp-json\/wp\/v2\/product_cat?post=27195"},{"taxonomy":"product_tag","embeddable":true,"href":"https:\/\/stampcurio.com\/hu\/wp-json\/wp\/v2\/product_tag?post=27195"}],"curies":[{"name":"wp","href":"https:\/\/api.w.org\/{rel}","templated":true}]}}