{"id":27194,"date":"2025-11-24T16:27:56","date_gmt":"2025-11-24T15:27:56","guid":{"rendered":"https:\/\/stampcurio.com\/product\/1964-66-eszak-korea-industries-a-piros-ertek-nelkul-ksc-397-usd\/"},"modified":"2026-01-05T15:14:22","modified_gmt":"2026-01-05T14:14:22","slug":"1964-66-eszak-korea-industries-postatiszta-sor","status":"publish","type":"product","link":"https:\/\/stampcurio.com\/hu\/termek\/1964-66-eszak-korea-industries-postatiszta-sor\/","title":{"rendered":"1964-66 \u00c9szak-Korea &#8211; \u201eIndustries&#8221; postatiszta ** sor"},"content":{"rendered":"","protected":false},"excerpt":{"rendered":"<p>A piros b\u00e9lyeg nincs list\u00e1zva a Korea katal\u00f3gusban, a sorozat a piros \u00e9rt\u00e9k n\u00e9lk\u00fcl KSC: 39,7 USD<\/p>\n","protected":false},"featured_media":33293,"template":"","meta":[],"product_brand":[],"product_cat":[1225],"product_tag":[1669,116,1006],"class_list":{"0":"post-27194","1":"product","2":"type-product","3":"status-publish","4":"has-post-thumbnail","6":"product_cat-eszak-korea","7":"product_tag-3rd-auction","8":"product_tag-belyeg","9":"product_tag-unsold","11":"first","12":"instock","13":"sold-individually","14":"shipping-taxable","15":"purchasable","16":"product-type-simple"},"_links":{"self":[{"href":"https:\/\/stampcurio.com\/hu\/wp-json\/wp\/v2\/product\/27194","targetHints":{"allow":["GET"]}}],"collection":[{"href":"https:\/\/stampcurio.com\/hu\/wp-json\/wp\/v2\/product"}],"about":[{"href":"https:\/\/stampcurio.com\/hu\/wp-json\/wp\/v2\/types\/product"}],"wp:featuredmedia":[{"embeddable":true,"href":"https:\/\/stampcurio.com\/hu\/wp-json\/wp\/v2\/media\/33293"}],"wp:attachment":[{"href":"https:\/\/stampcurio.com\/hu\/wp-json\/wp\/v2\/media?parent=27194"}],"wp:term":[{"taxonomy":"product_brand","embeddable":true,"href":"https:\/\/stampcurio.com\/hu\/wp-json\/wp\/v2\/product_brand?post=27194"},{"taxonomy":"product_cat","embeddable":true,"href":"https:\/\/stampcurio.com\/hu\/wp-json\/wp\/v2\/product_cat?post=27194"},{"taxonomy":"product_tag","embeddable":true,"href":"https:\/\/stampcurio.com\/hu\/wp-json\/wp\/v2\/product_tag?post=27194"}],"curies":[{"name":"wp","href":"https:\/\/api.w.org\/{rel}","templated":true}]}}