{"id":27193,"date":"2025-11-24T16:27:56","date_gmt":"2025-11-24T15:27:56","guid":{"rendered":"https:\/\/stampcurio.com\/product\/1962-eszak-korea-3-ton-air-hammer-teljes-sor-es-tevnyomat-ksc-34650-usd\/"},"modified":"2025-12-05T04:03:33","modified_gmt":"2025-12-05T03:03:33","slug":"1962-eszak-korea-3-ton-air-hammer-teljes-postatiszta-sor-ksc-18150-usd","status":"publish","type":"product","link":"https:\/\/stampcurio.com\/hu\/termek\/1962-eszak-korea-3-ton-air-hammer-teljes-postatiszta-sor-ksc-18150-usd\/","title":{"rendered":"1962 \u00c9szak-Korea &#8211; \u201e3-ton Air Hammer\u201d teljes postatiszta sor | KSC: 181,50 USD"},"content":{"rendered":"","protected":false},"excerpt":{"rendered":"<div class=\"woocommerce-product-details__short-description\">\n<p>A barna b\u00e9lyeg gyenge enyvez\u00e9ssel szinte (*) \u00e1llapot.<\/p>\n<\/div>\n","protected":false},"featured_media":35516,"template":"","meta":[],"product_brand":[],"product_cat":[1225],"product_tag":[1669,116],"class_list":{"0":"post-27193","1":"product","2":"type-product","3":"status-publish","4":"has-post-thumbnail","6":"product_cat-eszak-korea","7":"product_tag-3rd-auction","8":"product_tag-belyeg","10":"first","11":"outofstock","12":"sold-individually","13":"shipping-taxable","14":"purchasable","15":"product-type-simple"},"_links":{"self":[{"href":"https:\/\/stampcurio.com\/hu\/wp-json\/wp\/v2\/product\/27193","targetHints":{"allow":["GET"]}}],"collection":[{"href":"https:\/\/stampcurio.com\/hu\/wp-json\/wp\/v2\/product"}],"about":[{"href":"https:\/\/stampcurio.com\/hu\/wp-json\/wp\/v2\/types\/product"}],"wp:featuredmedia":[{"embeddable":true,"href":"https:\/\/stampcurio.com\/hu\/wp-json\/wp\/v2\/media\/35516"}],"wp:attachment":[{"href":"https:\/\/stampcurio.com\/hu\/wp-json\/wp\/v2\/media?parent=27193"}],"wp:term":[{"taxonomy":"product_brand","embeddable":true,"href":"https:\/\/stampcurio.com\/hu\/wp-json\/wp\/v2\/product_brand?post=27193"},{"taxonomy":"product_cat","embeddable":true,"href":"https:\/\/stampcurio.com\/hu\/wp-json\/wp\/v2\/product_cat?post=27193"},{"taxonomy":"product_tag","embeddable":true,"href":"https:\/\/stampcurio.com\/hu\/wp-json\/wp\/v2\/product_tag?post=27193"}],"curies":[{"name":"wp","href":"https:\/\/api.w.org\/{rel}","templated":true}]}}