{"id":27192,"date":"2025-11-24T16:27:56","date_gmt":"2025-11-24T15:27:56","guid":{"rendered":"https:\/\/stampcurio.com\/product\/1954-eszak-korea-tadeong-gate-in-pyongang-szinvariaciok-az-eredeti-es-az-ujnyomatok-belyegein-ksc-180-usd\/"},"modified":"2025-12-05T04:03:33","modified_gmt":"2025-12-05T03:03:33","slug":"1954-eszak-korea-tadeong-gate-in-pyongang-postatiszta-eredeti-es-az-ujnyomatok-szinvariaciokkal-ksc-180-usd","status":"publish","type":"product","link":"https:\/\/stampcurio.com\/hu\/termek\/1954-eszak-korea-tadeong-gate-in-pyongang-postatiszta-eredeti-es-az-ujnyomatok-szinvariaciokkal-ksc-180-usd\/","title":{"rendered":"1954 \u00c9szak-Korea &#8211; \u201eTadeong Gate in Pyongang\u201d postatiszta eredeti \u00e9s az \u00fajnyomatok sz\u00ednvari\u00e1ci\u00f3kkal | KSC: 180 USD"},"content":{"rendered":"","protected":false},"excerpt":{"rendered":"","protected":false},"featured_media":34789,"template":"","meta":[],"product_brand":[],"product_cat":[1225],"product_tag":[1669,116,217],"class_list":{"0":"post-27192","1":"product","2":"type-product","3":"status-publish","4":"has-post-thumbnail","6":"product_cat-eszak-korea","7":"product_tag-3rd-auction","8":"product_tag-belyeg","9":"product_tag-tevnyomat","11":"first","12":"outofstock","13":"sold-individually","14":"shipping-taxable","15":"purchasable","16":"product-type-simple"},"_links":{"self":[{"href":"https:\/\/stampcurio.com\/hu\/wp-json\/wp\/v2\/product\/27192","targetHints":{"allow":["GET"]}}],"collection":[{"href":"https:\/\/stampcurio.com\/hu\/wp-json\/wp\/v2\/product"}],"about":[{"href":"https:\/\/stampcurio.com\/hu\/wp-json\/wp\/v2\/types\/product"}],"wp:featuredmedia":[{"embeddable":true,"href":"https:\/\/stampcurio.com\/hu\/wp-json\/wp\/v2\/media\/34789"}],"wp:attachment":[{"href":"https:\/\/stampcurio.com\/hu\/wp-json\/wp\/v2\/media?parent=27192"}],"wp:term":[{"taxonomy":"product_brand","embeddable":true,"href":"https:\/\/stampcurio.com\/hu\/wp-json\/wp\/v2\/product_brand?post=27192"},{"taxonomy":"product_cat","embeddable":true,"href":"https:\/\/stampcurio.com\/hu\/wp-json\/wp\/v2\/product_cat?post=27192"},{"taxonomy":"product_tag","embeddable":true,"href":"https:\/\/stampcurio.com\/hu\/wp-json\/wp\/v2\/product_tag?post=27192"}],"curies":[{"name":"wp","href":"https:\/\/api.w.org\/{rel}","templated":true}]}}