{"id":27191,"date":"2025-11-24T16:27:55","date_gmt":"2025-11-24T15:27:55","guid":{"rendered":"https:\/\/stampcurio.com\/product\/1954-eszak-korea-working-class-10-won-ket-belyeg-kulonbozo-papirokon-ksc-72-usd-belyeg\/"},"modified":"2025-12-05T04:03:35","modified_gmt":"2025-12-05T03:03:35","slug":"1954-eszak-korea-working-class-10-won-ket-postatiszta-belyeg-markansan-eltero-papiron-es-szinarnyalatban-ksc-144-usd","status":"publish","type":"product","link":"https:\/\/stampcurio.com\/hu\/termek\/1954-eszak-korea-working-class-10-won-ket-postatiszta-belyeg-markansan-eltero-papiron-es-szinarnyalatban-ksc-144-usd\/","title":{"rendered":"1954 \u00c9szak-Korea &#8211; \u201eWorking class\u201d 10 won k\u00e9t postatiszta b\u00e9lyeg mark\u00e1nsan elt\u00e9r\u0151 pap\u00edron \u00e9s sz\u00edn\u00e1rnyalatban | KSC: 144 USD"},"content":{"rendered":"","protected":false},"excerpt":{"rendered":"<p>Nem \u00fajnyomat.<\/p>\n<p>&nbsp;<\/p>\n","protected":false},"featured_media":35214,"template":"","meta":[],"product_brand":[],"product_cat":[1225],"product_tag":[1669,116],"class_list":{"0":"post-27191","1":"product","2":"type-product","3":"status-publish","4":"has-post-thumbnail","6":"product_cat-eszak-korea","7":"product_tag-3rd-auction","8":"product_tag-belyeg","10":"first","11":"outofstock","12":"sold-individually","13":"shipping-taxable","14":"purchasable","15":"product-type-simple"},"_links":{"self":[{"href":"https:\/\/stampcurio.com\/hu\/wp-json\/wp\/v2\/product\/27191","targetHints":{"allow":["GET"]}}],"collection":[{"href":"https:\/\/stampcurio.com\/hu\/wp-json\/wp\/v2\/product"}],"about":[{"href":"https:\/\/stampcurio.com\/hu\/wp-json\/wp\/v2\/types\/product"}],"wp:featuredmedia":[{"embeddable":true,"href":"https:\/\/stampcurio.com\/hu\/wp-json\/wp\/v2\/media\/35214"}],"wp:attachment":[{"href":"https:\/\/stampcurio.com\/hu\/wp-json\/wp\/v2\/media?parent=27191"}],"wp:term":[{"taxonomy":"product_brand","embeddable":true,"href":"https:\/\/stampcurio.com\/hu\/wp-json\/wp\/v2\/product_brand?post=27191"},{"taxonomy":"product_cat","embeddable":true,"href":"https:\/\/stampcurio.com\/hu\/wp-json\/wp\/v2\/product_cat?post=27191"},{"taxonomy":"product_tag","embeddable":true,"href":"https:\/\/stampcurio.com\/hu\/wp-json\/wp\/v2\/product_tag?post=27191"}],"curies":[{"name":"wp","href":"https:\/\/api.w.org\/{rel}","templated":true}]}}