{"id":27190,"date":"2025-11-24T16:27:55","date_gmt":"2025-11-24T15:27:55","guid":{"rendered":"https:\/\/stampcurio.com\/product\/1956-eszak-korea-10th-anniversary-of-proclamation-of-the-law-on-nationalization-of-major-industries-10-won-enyvezes-nelkul-kiadas-szerint-ksd-108-usd\/"},"modified":"2026-01-05T15:14:22","modified_gmt":"2026-01-05T14:14:22","slug":"1956-eszak-korea-10th-anniversary-of-proclamation-of-the-law-on-nationalization-of-major-industries-10-won-postatiszta-ksd-108-usd","status":"publish","type":"product","link":"https:\/\/stampcurio.com\/hu\/termek\/1956-eszak-korea-10th-anniversary-of-proclamation-of-the-law-on-nationalization-of-major-industries-10-won-postatiszta-ksd-108-usd\/","title":{"rendered":"1956 \u00c9szak-Korea &#8211; \u201e10th Anniversary of Proclamation of the Law on Nationalization of Major Industries\u201d 10 won postatiszta | KSD: 108 USD"},"content":{"rendered":"","protected":false},"excerpt":{"rendered":"<p>Enyvez\u00e9s n\u00e9lk\u00fcl, ahogy kiadt\u00e1k.<\/p>\n<p>A korai \u00e9szak-koreai b\u00e9lyegek enyvez\u00e9s n\u00e9lk\u00fcl k\u00e9sz\u00fcltek.<\/p>\n","protected":false},"featured_media":33236,"template":"","meta":[],"product_brand":[],"product_cat":[1225],"product_tag":[1669,116,1006],"class_list":{"0":"post-27190","1":"product","2":"type-product","3":"status-publish","4":"has-post-thumbnail","6":"product_cat-eszak-korea","7":"product_tag-3rd-auction","8":"product_tag-belyeg","9":"product_tag-unsold","11":"first","12":"instock","13":"sold-individually","14":"shipping-taxable","15":"purchasable","16":"product-type-simple"},"_links":{"self":[{"href":"https:\/\/stampcurio.com\/hu\/wp-json\/wp\/v2\/product\/27190","targetHints":{"allow":["GET"]}}],"collection":[{"href":"https:\/\/stampcurio.com\/hu\/wp-json\/wp\/v2\/product"}],"about":[{"href":"https:\/\/stampcurio.com\/hu\/wp-json\/wp\/v2\/types\/product"}],"wp:featuredmedia":[{"embeddable":true,"href":"https:\/\/stampcurio.com\/hu\/wp-json\/wp\/v2\/media\/33236"}],"wp:attachment":[{"href":"https:\/\/stampcurio.com\/hu\/wp-json\/wp\/v2\/media?parent=27190"}],"wp:term":[{"taxonomy":"product_brand","embeddable":true,"href":"https:\/\/stampcurio.com\/hu\/wp-json\/wp\/v2\/product_brand?post=27190"},{"taxonomy":"product_cat","embeddable":true,"href":"https:\/\/stampcurio.com\/hu\/wp-json\/wp\/v2\/product_cat?post=27190"},{"taxonomy":"product_tag","embeddable":true,"href":"https:\/\/stampcurio.com\/hu\/wp-json\/wp\/v2\/product_tag?post=27190"}],"curies":[{"name":"wp","href":"https:\/\/api.w.org\/{rel}","templated":true}]}}