{"id":27186,"date":"2025-11-24T16:27:51","date_gmt":"2025-11-24T15:27:51","guid":{"rendered":"https:\/\/stampcurio.com\/product\/1958-eszak-korea-10th-anniversary-of-founding-of-the-dprk-teljes-postatiszta-sor-enyvezes-nelkul-kiadas-szerint-ksc-6720-usd\/"},"modified":"2026-01-07T11:15:56","modified_gmt":"2026-01-07T10:15:56","slug":"1958-eszak-korea-10th-anniversary-of-founding-of-the-dprk-teljes-postatiszta-sor-ksc-6720-usd","status":"publish","type":"product","link":"https:\/\/stampcurio.com\/hu\/termek\/1958-eszak-korea-10th-anniversary-of-founding-of-the-dprk-teljes-postatiszta-sor-ksc-6720-usd\/","title":{"rendered":"1958 \u00c9szak-Korea &#8211; \u201e10th Anniversary of Founding of the DPRK\u201d teljes postatiszta sor | KSC: 67,20 USD"},"content":{"rendered":"","protected":false},"excerpt":{"rendered":"<p>Enyvez\u00e9s n\u00e9lk\u00fcl, ahogy kiadt\u00e1k.<\/p>\n<p>A korai \u00e9szak-koreai b\u00e9lyegek enyvez\u00e9s n\u00e9lk\u00fcl k\u00e9sz\u00fcltek.<\/p>\n","protected":false},"featured_media":33254,"template":"","meta":[],"product_brand":[],"product_cat":[1225],"product_tag":[1669,116],"class_list":{"0":"post-27186","1":"product","2":"type-product","3":"status-publish","4":"has-post-thumbnail","6":"product_cat-eszak-korea","7":"product_tag-3rd-auction","8":"product_tag-belyeg","10":"first","11":"outofstock","12":"sold-individually","13":"shipping-taxable","14":"purchasable","15":"product-type-simple"},"_links":{"self":[{"href":"https:\/\/stampcurio.com\/hu\/wp-json\/wp\/v2\/product\/27186","targetHints":{"allow":["GET"]}}],"collection":[{"href":"https:\/\/stampcurio.com\/hu\/wp-json\/wp\/v2\/product"}],"about":[{"href":"https:\/\/stampcurio.com\/hu\/wp-json\/wp\/v2\/types\/product"}],"wp:featuredmedia":[{"embeddable":true,"href":"https:\/\/stampcurio.com\/hu\/wp-json\/wp\/v2\/media\/33254"}],"wp:attachment":[{"href":"https:\/\/stampcurio.com\/hu\/wp-json\/wp\/v2\/media?parent=27186"}],"wp:term":[{"taxonomy":"product_brand","embeddable":true,"href":"https:\/\/stampcurio.com\/hu\/wp-json\/wp\/v2\/product_brand?post=27186"},{"taxonomy":"product_cat","embeddable":true,"href":"https:\/\/stampcurio.com\/hu\/wp-json\/wp\/v2\/product_cat?post=27186"},{"taxonomy":"product_tag","embeddable":true,"href":"https:\/\/stampcurio.com\/hu\/wp-json\/wp\/v2\/product_tag?post=27186"}],"curies":[{"name":"wp","href":"https:\/\/api.w.org\/{rel}","templated":true}]}}