{"id":27185,"date":"2025-11-24T16:27:51","date_gmt":"2025-11-24T15:27:51","guid":{"rendered":"https:\/\/stampcurio.com\/product\/1958-eszak-korea-nemzetkozi-geofizika-ev-postatiszta-vagott-es-fogazott-szett-ksc-10040-usd\/"},"modified":"2026-01-07T11:18:22","modified_gmt":"2026-01-07T10:18:22","slug":"1958-eszak-korea-nemzetkozi-geofizika-ev-postatiszta-vagott-es-fogazott-sorozat-ksc-10040-usd","status":"publish","type":"product","link":"https:\/\/stampcurio.com\/hu\/termek\/1958-eszak-korea-nemzetkozi-geofizika-ev-postatiszta-vagott-es-fogazott-sorozat-ksc-10040-usd\/","title":{"rendered":"1958 \u00c9szak-Korea &#8211; Nemzetk\u00f6zi Geofizika \u00c9v \u2013 postatiszta v\u00e1gott \u00e9s fogazott sorozat | KSC: 100,40 USD"},"content":{"rendered":"","protected":false},"excerpt":{"rendered":"<p>MNG, MNH vegyesen.<br \/>\nMNH: 20, 40, 70 won<\/p>\n","protected":false},"featured_media":35774,"template":"","meta":[],"product_brand":[],"product_cat":[1225],"product_tag":[1669,116],"class_list":{"0":"post-27185","1":"product","2":"type-product","3":"status-publish","4":"has-post-thumbnail","6":"product_cat-eszak-korea","7":"product_tag-3rd-auction","8":"product_tag-belyeg","10":"first","11":"outofstock","12":"sold-individually","13":"shipping-taxable","14":"purchasable","15":"product-type-simple"},"_links":{"self":[{"href":"https:\/\/stampcurio.com\/hu\/wp-json\/wp\/v2\/product\/27185","targetHints":{"allow":["GET"]}}],"collection":[{"href":"https:\/\/stampcurio.com\/hu\/wp-json\/wp\/v2\/product"}],"about":[{"href":"https:\/\/stampcurio.com\/hu\/wp-json\/wp\/v2\/types\/product"}],"wp:featuredmedia":[{"embeddable":true,"href":"https:\/\/stampcurio.com\/hu\/wp-json\/wp\/v2\/media\/35774"}],"wp:attachment":[{"href":"https:\/\/stampcurio.com\/hu\/wp-json\/wp\/v2\/media?parent=27185"}],"wp:term":[{"taxonomy":"product_brand","embeddable":true,"href":"https:\/\/stampcurio.com\/hu\/wp-json\/wp\/v2\/product_brand?post=27185"},{"taxonomy":"product_cat","embeddable":true,"href":"https:\/\/stampcurio.com\/hu\/wp-json\/wp\/v2\/product_cat?post=27185"},{"taxonomy":"product_tag","embeddable":true,"href":"https:\/\/stampcurio.com\/hu\/wp-json\/wp\/v2\/product_tag?post=27185"}],"curies":[{"name":"wp","href":"https:\/\/api.w.org\/{rel}","templated":true}]}}