{"id":27184,"date":"2025-11-24T16:27:50","date_gmt":"2025-11-24T15:27:50","guid":{"rendered":"https:\/\/stampcurio.com\/product\/1946-eszak-korea-samson-rocks-piros-probanyomat\/"},"modified":"2026-01-05T15:14:24","modified_gmt":"2026-01-05T14:14:24","slug":"1946-eszak-korea-samson-rocks-piros-egykepes-probanyomat","status":"publish","type":"product","link":"https:\/\/stampcurio.com\/hu\/termek\/1946-eszak-korea-samson-rocks-piros-egykepes-probanyomat\/","title":{"rendered":"1946 \u00c9szak-Korea &#8211; \u201eSamson Rocks\u201d piros egyk\u00e9pes pr\u00f3banyomat"},"content":{"rendered":"","protected":false},"excerpt":{"rendered":"<p>Nem \u00fajnyomat.<\/p>\n","protected":false},"featured_media":33307,"template":"","meta":[],"product_brand":[],"product_cat":[1225],"product_tag":[1669,116,176,390,1006],"class_list":{"0":"post-27184","1":"product","2":"type-product","3":"status-publish","4":"has-post-thumbnail","6":"product_cat-eszak-korea","7":"product_tag-3rd-auction","8":"product_tag-belyeg","9":"product_tag-philagem","10":"product_tag-probanyomat","11":"product_tag-unsold","13":"first","14":"instock","15":"sold-individually","16":"shipping-taxable","17":"purchasable","18":"product-type-simple"},"_links":{"self":[{"href":"https:\/\/stampcurio.com\/hu\/wp-json\/wp\/v2\/product\/27184","targetHints":{"allow":["GET"]}}],"collection":[{"href":"https:\/\/stampcurio.com\/hu\/wp-json\/wp\/v2\/product"}],"about":[{"href":"https:\/\/stampcurio.com\/hu\/wp-json\/wp\/v2\/types\/product"}],"wp:featuredmedia":[{"embeddable":true,"href":"https:\/\/stampcurio.com\/hu\/wp-json\/wp\/v2\/media\/33307"}],"wp:attachment":[{"href":"https:\/\/stampcurio.com\/hu\/wp-json\/wp\/v2\/media?parent=27184"}],"wp:term":[{"taxonomy":"product_brand","embeddable":true,"href":"https:\/\/stampcurio.com\/hu\/wp-json\/wp\/v2\/product_brand?post=27184"},{"taxonomy":"product_cat","embeddable":true,"href":"https:\/\/stampcurio.com\/hu\/wp-json\/wp\/v2\/product_cat?post=27184"},{"taxonomy":"product_tag","embeddable":true,"href":"https:\/\/stampcurio.com\/hu\/wp-json\/wp\/v2\/product_tag?post=27184"}],"curies":[{"name":"wp","href":"https:\/\/api.w.org\/{rel}","templated":true}]}}