{"id":27182,"date":"2025-11-24T16:27:49","date_gmt":"2025-11-24T15:27:49","guid":{"rendered":"https:\/\/stampcurio.com\/product\/1950-eszak-korea-5th-anniversary-of-koreas-liberation-6-won-egykepes-probanyomat\/"},"modified":"2026-01-05T15:14:24","modified_gmt":"2026-01-05T14:14:24","slug":"1950-eszak-korea-5th-anniversary-of-koreas-liberation-egykepes-probanyomata","status":"publish","type":"product","link":"https:\/\/stampcurio.com\/hu\/termek\/1950-eszak-korea-5th-anniversary-of-koreas-liberation-egykepes-probanyomata\/","title":{"rendered":"1950 \u00c9szak-Korea &#8211; \u201e5th Anniversary of Korea\u2019s Liberation\u201d  egyk\u00e9pes pr\u00f3banyomata"},"content":{"rendered":"","protected":false},"excerpt":{"rendered":"<p>Nem \u00fajnyomat.<\/p>\n","protected":false},"featured_media":31681,"template":"","meta":[],"product_brand":[],"product_cat":[1225],"product_tag":[1669,116,390,1006],"class_list":{"0":"post-27182","1":"product","2":"type-product","3":"status-publish","4":"has-post-thumbnail","6":"product_cat-eszak-korea","7":"product_tag-3rd-auction","8":"product_tag-belyeg","9":"product_tag-probanyomat","10":"product_tag-unsold","12":"first","13":"instock","14":"sold-individually","15":"shipping-taxable","16":"purchasable","17":"product-type-simple"},"_links":{"self":[{"href":"https:\/\/stampcurio.com\/hu\/wp-json\/wp\/v2\/product\/27182","targetHints":{"allow":["GET"]}}],"collection":[{"href":"https:\/\/stampcurio.com\/hu\/wp-json\/wp\/v2\/product"}],"about":[{"href":"https:\/\/stampcurio.com\/hu\/wp-json\/wp\/v2\/types\/product"}],"wp:featuredmedia":[{"embeddable":true,"href":"https:\/\/stampcurio.com\/hu\/wp-json\/wp\/v2\/media\/31681"}],"wp:attachment":[{"href":"https:\/\/stampcurio.com\/hu\/wp-json\/wp\/v2\/media?parent=27182"}],"wp:term":[{"taxonomy":"product_brand","embeddable":true,"href":"https:\/\/stampcurio.com\/hu\/wp-json\/wp\/v2\/product_brand?post=27182"},{"taxonomy":"product_cat","embeddable":true,"href":"https:\/\/stampcurio.com\/hu\/wp-json\/wp\/v2\/product_cat?post=27182"},{"taxonomy":"product_tag","embeddable":true,"href":"https:\/\/stampcurio.com\/hu\/wp-json\/wp\/v2\/product_tag?post=27182"}],"curies":[{"name":"wp","href":"https:\/\/api.w.org\/{rel}","templated":true}]}}