{"id":27179,"date":"2025-11-24T16:27:48","date_gmt":"2025-11-24T15:27:48","guid":{"rendered":"https:\/\/stampcurio.com\/product\/1951-eszak-korea-hero-kim-ki-ok-1-won-ivsarki-nyomat-festek-elkenodessel-ksc-36-usd\/"},"modified":"2026-01-05T15:14:25","modified_gmt":"2026-01-05T14:14:25","slug":"1951-eszak-korea-hero-kim-ki-ok-fogazatlan-1-won-ivsarki-nyomat-festek-elkenodessel-tevnyomat-ksc-36-usd","status":"publish","type":"product","link":"https:\/\/stampcurio.com\/hu\/termek\/1951-eszak-korea-hero-kim-ki-ok-fogazatlan-1-won-ivsarki-nyomat-festek-elkenodessel-tevnyomat-ksc-36-usd\/","title":{"rendered":"1951 \u00c9szak-Korea &#8211; \u201eHero Kim Ki Ok\u201d fogazatlan 1 won \u00edvsarki nyomat fest\u00e9k elken\u0151d\u00e9ssel &#8211; t\u00e9vnyomat | KSC: 36++ USD"},"content":{"rendered":"","protected":false},"excerpt":{"rendered":"<p>Nem \u00fajnyomat.<\/p>\n","protected":false},"featured_media":31134,"template":"","meta":[],"product_brand":[],"product_cat":[1225],"product_tag":[1669,116,217,1006],"class_list":{"0":"post-27179","1":"product","2":"type-product","3":"status-publish","4":"has-post-thumbnail","6":"product_cat-eszak-korea","7":"product_tag-3rd-auction","8":"product_tag-belyeg","9":"product_tag-tevnyomat","10":"product_tag-unsold","12":"first","13":"instock","14":"sold-individually","15":"shipping-taxable","16":"purchasable","17":"product-type-simple"},"_links":{"self":[{"href":"https:\/\/stampcurio.com\/hu\/wp-json\/wp\/v2\/product\/27179","targetHints":{"allow":["GET"]}}],"collection":[{"href":"https:\/\/stampcurio.com\/hu\/wp-json\/wp\/v2\/product"}],"about":[{"href":"https:\/\/stampcurio.com\/hu\/wp-json\/wp\/v2\/types\/product"}],"wp:featuredmedia":[{"embeddable":true,"href":"https:\/\/stampcurio.com\/hu\/wp-json\/wp\/v2\/media\/31134"}],"wp:attachment":[{"href":"https:\/\/stampcurio.com\/hu\/wp-json\/wp\/v2\/media?parent=27179"}],"wp:term":[{"taxonomy":"product_brand","embeddable":true,"href":"https:\/\/stampcurio.com\/hu\/wp-json\/wp\/v2\/product_brand?post=27179"},{"taxonomy":"product_cat","embeddable":true,"href":"https:\/\/stampcurio.com\/hu\/wp-json\/wp\/v2\/product_cat?post=27179"},{"taxonomy":"product_tag","embeddable":true,"href":"https:\/\/stampcurio.com\/hu\/wp-json\/wp\/v2\/product_tag?post=27179"}],"curies":[{"name":"wp","href":"https:\/\/api.w.org\/{rel}","templated":true}]}}