{"id":27178,"date":"2025-11-24T16:27:48","date_gmt":"2025-11-24T15:27:48","guid":{"rendered":"https:\/\/stampcurio.com\/product\/1946-eszak-korea-rose-of-sharon-piros-eszak-korea-elso-belyege-ksc-180-usd\/"},"modified":"2026-01-08T12:26:05","modified_gmt":"2026-01-08T11:26:05","slug":"1946-eszak-korea-piros-rose-of-sharon-postatiszta-belyeg-eszak-korea-elso-belyege-ksc-180-usd","status":"publish","type":"product","link":"https:\/\/stampcurio.com\/hu\/termek\/1946-eszak-korea-piros-rose-of-sharon-postatiszta-belyeg-eszak-korea-elso-belyege-ksc-180-usd\/","title":{"rendered":"1946 \u00c9szak-Korea \u2013 piros \u201eRose of Sharon\u201d postatiszta b\u00e9lyeg \u2013 \u00c9szak-Korea els\u0151 b\u00e9lyege | KSC: 180 USD"},"content":{"rendered":"","protected":false},"excerpt":{"rendered":"<p>Nem \u00fajnyomat.<\/p>\n<p>A korai \u00e9szak-korea-i b\u00e9lyegeket enyvezetlen\u00fcl adt\u00e1k ki.<\/p>\n","protected":false},"featured_media":34785,"template":"","meta":[],"product_brand":[],"product_cat":[1225],"product_tag":[1669,116],"class_list":{"0":"post-27178","1":"product","2":"type-product","3":"status-publish","4":"has-post-thumbnail","6":"product_cat-eszak-korea","7":"product_tag-3rd-auction","8":"product_tag-belyeg","10":"first","11":"outofstock","12":"sold-individually","13":"shipping-taxable","14":"purchasable","15":"product-type-simple"},"_links":{"self":[{"href":"https:\/\/stampcurio.com\/hu\/wp-json\/wp\/v2\/product\/27178","targetHints":{"allow":["GET"]}}],"collection":[{"href":"https:\/\/stampcurio.com\/hu\/wp-json\/wp\/v2\/product"}],"about":[{"href":"https:\/\/stampcurio.com\/hu\/wp-json\/wp\/v2\/types\/product"}],"wp:featuredmedia":[{"embeddable":true,"href":"https:\/\/stampcurio.com\/hu\/wp-json\/wp\/v2\/media\/34785"}],"wp:attachment":[{"href":"https:\/\/stampcurio.com\/hu\/wp-json\/wp\/v2\/media?parent=27178"}],"wp:term":[{"taxonomy":"product_brand","embeddable":true,"href":"https:\/\/stampcurio.com\/hu\/wp-json\/wp\/v2\/product_brand?post=27178"},{"taxonomy":"product_cat","embeddable":true,"href":"https:\/\/stampcurio.com\/hu\/wp-json\/wp\/v2\/product_cat?post=27178"},{"taxonomy":"product_tag","embeddable":true,"href":"https:\/\/stampcurio.com\/hu\/wp-json\/wp\/v2\/product_tag?post=27178"}],"curies":[{"name":"wp","href":"https:\/\/api.w.org\/{rel}","templated":true}]}}