{"id":27177,"date":"2025-11-24T16:27:47","date_gmt":"2025-11-24T15:27:47","guid":{"rendered":"https:\/\/stampcurio.com\/product\/1953-eszak-korea-day-of-anti-imperialist-struggle-10-won-hasznalatlan-tevnyomat-alul-kettos-fogazassal-ksc-96-usd-alapbelyeg\/"},"modified":"2025-12-05T04:03:39","modified_gmt":"2025-12-05T03:03:39","slug":"1953-eszak-korea-day-of-anti-imperialist-struggle-eredeti-10-won-hasznalatlan-tevnyomat-alul-kettos-fogazassal-ksc-96-usd-alapbelyeg","status":"publish","type":"product","link":"https:\/\/stampcurio.com\/hu\/termek\/1953-eszak-korea-day-of-anti-imperialist-struggle-eredeti-10-won-hasznalatlan-tevnyomat-alul-kettos-fogazassal-ksc-96-usd-alapbelyeg\/","title":{"rendered":"1953 \u00c9szak-Korea &#8211; \u201eDay of Anti-Imperialist Struggle\u201d eredeti 10 won haszn\u00e1latlan t\u00e9vnyomat &#8211; alul kett\u0151s fogaz\u00e1ssal | KSC: 96 USD (alapb\u00e9lyeg)"},"content":{"rendered":"","protected":false},"excerpt":{"rendered":"<p>Nem \u00fajnyomat.<\/p>\n","protected":false},"featured_media":31138,"template":"","meta":[],"product_brand":[],"product_cat":[1225],"product_tag":[1669,116,217],"class_list":{"0":"post-27177","1":"product","2":"type-product","3":"status-publish","4":"has-post-thumbnail","6":"product_cat-eszak-korea","7":"product_tag-3rd-auction","8":"product_tag-belyeg","9":"product_tag-tevnyomat","11":"first","12":"outofstock","13":"sold-individually","14":"shipping-taxable","15":"purchasable","16":"product-type-simple"},"_links":{"self":[{"href":"https:\/\/stampcurio.com\/hu\/wp-json\/wp\/v2\/product\/27177","targetHints":{"allow":["GET"]}}],"collection":[{"href":"https:\/\/stampcurio.com\/hu\/wp-json\/wp\/v2\/product"}],"about":[{"href":"https:\/\/stampcurio.com\/hu\/wp-json\/wp\/v2\/types\/product"}],"wp:featuredmedia":[{"embeddable":true,"href":"https:\/\/stampcurio.com\/hu\/wp-json\/wp\/v2\/media\/31138"}],"wp:attachment":[{"href":"https:\/\/stampcurio.com\/hu\/wp-json\/wp\/v2\/media?parent=27177"}],"wp:term":[{"taxonomy":"product_brand","embeddable":true,"href":"https:\/\/stampcurio.com\/hu\/wp-json\/wp\/v2\/product_brand?post=27177"},{"taxonomy":"product_cat","embeddable":true,"href":"https:\/\/stampcurio.com\/hu\/wp-json\/wp\/v2\/product_cat?post=27177"},{"taxonomy":"product_tag","embeddable":true,"href":"https:\/\/stampcurio.com\/hu\/wp-json\/wp\/v2\/product_tag?post=27177"}],"curies":[{"name":"wp","href":"https:\/\/api.w.org\/{rel}","templated":true}]}}