{"id":27176,"date":"2025-11-24T16:27:47","date_gmt":"2025-11-24T15:27:47","guid":{"rendered":"https:\/\/stampcurio.com\/product\/1950-eszak-korea-liberation-of-seoul-1-won-ivszeli-par-es-a-szolo-belyeg-eltero-kek-es-piros-szinnyomattal-ksc-360-usd-stampworld-20-usd\/"},"modified":"2026-01-05T15:14:25","modified_gmt":"2026-01-05T14:14:25","slug":"1950-eszak-korea-liberation-of-seoul-capture-of-seoul-ivszeli-par-es-a-szolo-belyeg-eltero-piros-szinnyomattal-ksc-360-usd","status":"publish","type":"product","link":"https:\/\/stampcurio.com\/hu\/termek\/1950-eszak-korea-liberation-of-seoul-capture-of-seoul-ivszeli-par-es-a-szolo-belyeg-eltero-piros-szinnyomattal-ksc-360-usd\/","title":{"rendered":"1950 \u00c9szak-Korea &#8211; \u201eLiberation of Seoul\u201d \/ &#8220;Capture of Seoul&#8221; \u00edvsz\u00e9li p\u00e1r \u00e9s a sz\u00f3l\u00f3 b\u00e9lyeg elt\u00e9r\u0151 piros sz\u00ednnyomattal | KSC: 360 USD"},"content":{"rendered":"","protected":false},"excerpt":{"rendered":"<p>A b\u00e9lyeg k\u00e9tf\u00e9le elnevez\u00e9se a k\u00fcl\u00f6nf\u00e9le katal\u00f3gusokb\u00f3l sz\u00e1rmazik, \u00e9s j\u00f3l mutatja mennyire m\u00e1s szinezete lehet ugyannak az esem\u00e9nynek&#8230;. Nem \u00fajnyomat.<\/p>\n","protected":false},"featured_media":31144,"template":"","meta":[],"product_brand":[],"product_cat":[1225],"product_tag":[1669,116,217,1006],"class_list":{"0":"post-27176","1":"product","2":"type-product","3":"status-publish","4":"has-post-thumbnail","6":"product_cat-eszak-korea","7":"product_tag-3rd-auction","8":"product_tag-belyeg","9":"product_tag-tevnyomat","10":"product_tag-unsold","12":"first","13":"instock","14":"sold-individually","15":"shipping-taxable","16":"purchasable","17":"product-type-simple"},"_links":{"self":[{"href":"https:\/\/stampcurio.com\/hu\/wp-json\/wp\/v2\/product\/27176","targetHints":{"allow":["GET"]}}],"collection":[{"href":"https:\/\/stampcurio.com\/hu\/wp-json\/wp\/v2\/product"}],"about":[{"href":"https:\/\/stampcurio.com\/hu\/wp-json\/wp\/v2\/types\/product"}],"wp:featuredmedia":[{"embeddable":true,"href":"https:\/\/stampcurio.com\/hu\/wp-json\/wp\/v2\/media\/31144"}],"wp:attachment":[{"href":"https:\/\/stampcurio.com\/hu\/wp-json\/wp\/v2\/media?parent=27176"}],"wp:term":[{"taxonomy":"product_brand","embeddable":true,"href":"https:\/\/stampcurio.com\/hu\/wp-json\/wp\/v2\/product_brand?post=27176"},{"taxonomy":"product_cat","embeddable":true,"href":"https:\/\/stampcurio.com\/hu\/wp-json\/wp\/v2\/product_cat?post=27176"},{"taxonomy":"product_tag","embeddable":true,"href":"https:\/\/stampcurio.com\/hu\/wp-json\/wp\/v2\/product_tag?post=27176"}],"curies":[{"name":"wp","href":"https:\/\/api.w.org\/{rel}","templated":true}]}}