{"id":27175,"date":"2025-11-24T16:27:47","date_gmt":"2025-11-24T15:27:47","guid":{"rendered":"https:\/\/stampcurio.com\/product\/1950-eszak-korea-5th-anniversary-of-koreas-liberation-1-won-ivszeli-par-a-vilagoskek-szin-jelentos-elcsuszasaval-es-piros-festekezesi-hibaval-ksc-72-usd-alapbelyeg\/"},"modified":"2025-12-05T04:03:38","modified_gmt":"2025-12-05T03:03:38","slug":"1950-eszak-korea-5th-anniversary-of-koreas-liberation-ivszeli-negyestomb-a-vilagoskek-szin-jelentos-elcsuszasaval-es-eltero-zaszlokkal-ksc-72-usd-alapbelyeg","status":"publish","type":"product","link":"https:\/\/stampcurio.com\/hu\/termek\/1950-eszak-korea-5th-anniversary-of-koreas-liberation-ivszeli-negyestomb-a-vilagoskek-szin-jelentos-elcsuszasaval-es-eltero-zaszlokkal-ksc-72-usd-alapbelyeg\/","title":{"rendered":"1950 \u00c9szak-Korea &#8211; \u201e5th Anniversary of Korea\u2019s Liberation\u201d \u00edvsz\u00e9li n\u00e9gyest\u00f6mb, a vil\u00e1gosk\u00e9k sz\u00edn jelent\u0151s elcs\u00fasz\u00e1s\u00e1val \u00e9s elt\u00e9r\u0151 z\u00e1szl\u00f3kkal | KSC: 72 USD (alapb\u00e9lyeg)"},"content":{"rendered":"","protected":false},"excerpt":{"rendered":"<p>Nem \u00fajnyomat.<\/p>\n","protected":false},"featured_media":36111,"template":"","meta":[],"product_brand":[],"product_cat":[1225],"product_tag":[1669,116,217],"class_list":{"0":"post-27175","1":"product","2":"type-product","3":"status-publish","4":"has-post-thumbnail","6":"product_cat-eszak-korea","7":"product_tag-3rd-auction","8":"product_tag-belyeg","9":"product_tag-tevnyomat","11":"first","12":"outofstock","13":"sold-individually","14":"shipping-taxable","15":"purchasable","16":"product-type-simple"},"_links":{"self":[{"href":"https:\/\/stampcurio.com\/hu\/wp-json\/wp\/v2\/product\/27175","targetHints":{"allow":["GET"]}}],"collection":[{"href":"https:\/\/stampcurio.com\/hu\/wp-json\/wp\/v2\/product"}],"about":[{"href":"https:\/\/stampcurio.com\/hu\/wp-json\/wp\/v2\/types\/product"}],"wp:featuredmedia":[{"embeddable":true,"href":"https:\/\/stampcurio.com\/hu\/wp-json\/wp\/v2\/media\/36111"}],"wp:attachment":[{"href":"https:\/\/stampcurio.com\/hu\/wp-json\/wp\/v2\/media?parent=27175"}],"wp:term":[{"taxonomy":"product_brand","embeddable":true,"href":"https:\/\/stampcurio.com\/hu\/wp-json\/wp\/v2\/product_brand?post=27175"},{"taxonomy":"product_cat","embeddable":true,"href":"https:\/\/stampcurio.com\/hu\/wp-json\/wp\/v2\/product_cat?post=27175"},{"taxonomy":"product_tag","embeddable":true,"href":"https:\/\/stampcurio.com\/hu\/wp-json\/wp\/v2\/product_tag?post=27175"}],"curies":[{"name":"wp","href":"https:\/\/api.w.org\/{rel}","templated":true}]}}