{"id":27172,"date":"2025-11-24T16:27:46","date_gmt":"2025-11-24T15:27:46","guid":{"rendered":"https:\/\/stampcurio.com\/product\/1955-eszak-korea-may-day-10-won-teljes-szett-fogazott-vagott-probanyomat-es-ujnyomat\/"},"modified":"2026-01-05T15:14:26","modified_gmt":"2026-01-05T14:14:26","slug":"1955-eszak-korea-may-day-10-won-teljes-szett-fogazott-vagott-ketkepes-probanyomat-es-ujnyomat","status":"publish","type":"product","link":"https:\/\/stampcurio.com\/hu\/termek\/1955-eszak-korea-may-day-10-won-teljes-szett-fogazott-vagott-ketkepes-probanyomat-es-ujnyomat\/","title":{"rendered":"1955 \u00c9szak-Korea &#8211; \u201eMay Day\u201d 10 won teljes szett: fogazott, v\u00e1gott, k\u00e9tk\u00e9pes pr\u00f3banyomat \u00e9s \u00fajnyomat"},"content":{"rendered":"","protected":false},"excerpt":{"rendered":"","protected":false},"featured_media":33317,"template":"","meta":[],"product_brand":[],"product_cat":[1225],"product_tag":[1669,116,390,1006],"class_list":{"0":"post-27172","1":"product","2":"type-product","3":"status-publish","4":"has-post-thumbnail","6":"product_cat-eszak-korea","7":"product_tag-3rd-auction","8":"product_tag-belyeg","9":"product_tag-probanyomat","10":"product_tag-unsold","12":"first","13":"instock","14":"sold-individually","15":"shipping-taxable","16":"purchasable","17":"product-type-simple"},"_links":{"self":[{"href":"https:\/\/stampcurio.com\/hu\/wp-json\/wp\/v2\/product\/27172","targetHints":{"allow":["GET"]}}],"collection":[{"href":"https:\/\/stampcurio.com\/hu\/wp-json\/wp\/v2\/product"}],"about":[{"href":"https:\/\/stampcurio.com\/hu\/wp-json\/wp\/v2\/types\/product"}],"wp:featuredmedia":[{"embeddable":true,"href":"https:\/\/stampcurio.com\/hu\/wp-json\/wp\/v2\/media\/33317"}],"wp:attachment":[{"href":"https:\/\/stampcurio.com\/hu\/wp-json\/wp\/v2\/media?parent=27172"}],"wp:term":[{"taxonomy":"product_brand","embeddable":true,"href":"https:\/\/stampcurio.com\/hu\/wp-json\/wp\/v2\/product_brand?post=27172"},{"taxonomy":"product_cat","embeddable":true,"href":"https:\/\/stampcurio.com\/hu\/wp-json\/wp\/v2\/product_cat?post=27172"},{"taxonomy":"product_tag","embeddable":true,"href":"https:\/\/stampcurio.com\/hu\/wp-json\/wp\/v2\/product_tag?post=27172"}],"curies":[{"name":"wp","href":"https:\/\/api.w.org\/{rel}","templated":true}]}}