{"id":27171,"date":"2025-11-24T16:27:45","date_gmt":"2025-11-24T15:27:45","guid":{"rendered":"https:\/\/stampcurio.com\/product\/1965-eszak-korea-yachts-probanyomatok\/"},"modified":"2026-01-05T15:14:27","modified_gmt":"2026-01-05T14:14:27","slug":"1965-eszak-korea-yachts-sorozat-gyujtoi-probanyomat-benne-a-netherlands-class-yacht-is","status":"publish","type":"product","link":"https:\/\/stampcurio.com\/hu\/termek\/1965-eszak-korea-yachts-sorozat-gyujtoi-probanyomat-benne-a-netherlands-class-yacht-is\/","title":{"rendered":"1965 \u00c9szak-Korea &#8211; \u201eYachts\u201d sorozat gy\u0171jt\u0151i pr\u00f3banyomat &#8211; benne a Netherlands class yacht is!"},"content":{"rendered":"","protected":false},"excerpt":{"rendered":"","protected":false},"featured_media":34810,"template":"","meta":[],"product_brand":[],"product_cat":[1225],"product_tag":[1669,116,390,1006],"class_list":{"0":"post-27171","1":"product","2":"type-product","3":"status-publish","4":"has-post-thumbnail","6":"product_cat-eszak-korea","7":"product_tag-3rd-auction","8":"product_tag-belyeg","9":"product_tag-probanyomat","10":"product_tag-unsold","12":"first","13":"instock","14":"sold-individually","15":"shipping-taxable","16":"purchasable","17":"product-type-simple"},"_links":{"self":[{"href":"https:\/\/stampcurio.com\/hu\/wp-json\/wp\/v2\/product\/27171","targetHints":{"allow":["GET"]}}],"collection":[{"href":"https:\/\/stampcurio.com\/hu\/wp-json\/wp\/v2\/product"}],"about":[{"href":"https:\/\/stampcurio.com\/hu\/wp-json\/wp\/v2\/types\/product"}],"wp:featuredmedia":[{"embeddable":true,"href":"https:\/\/stampcurio.com\/hu\/wp-json\/wp\/v2\/media\/34810"}],"wp:attachment":[{"href":"https:\/\/stampcurio.com\/hu\/wp-json\/wp\/v2\/media?parent=27171"}],"wp:term":[{"taxonomy":"product_brand","embeddable":true,"href":"https:\/\/stampcurio.com\/hu\/wp-json\/wp\/v2\/product_brand?post=27171"},{"taxonomy":"product_cat","embeddable":true,"href":"https:\/\/stampcurio.com\/hu\/wp-json\/wp\/v2\/product_cat?post=27171"},{"taxonomy":"product_tag","embeddable":true,"href":"https:\/\/stampcurio.com\/hu\/wp-json\/wp\/v2\/product_tag?post=27171"}],"curies":[{"name":"wp","href":"https:\/\/api.w.org\/{rel}","templated":true}]}}