{"id":27168,"date":"2025-11-24T16:27:44","date_gmt":"2025-11-24T15:27:44","guid":{"rendered":"https:\/\/stampcurio.com\/product\/1952-eszak-korea-6th-anniversary-of-proclamation-of-the-labour-law-ket-belyeg-ksc-300-usd-belyeg\/"},"modified":"2026-01-05T15:14:27","modified_gmt":"2026-01-05T14:14:27","slug":"1952-eszak-korea-6th-anniversary-of-proclamation-of-the-labour-law-ket-belyeges-probanyomata","status":"publish","type":"product","link":"https:\/\/stampcurio.com\/hu\/termek\/1952-eszak-korea-6th-anniversary-of-proclamation-of-the-labour-law-ket-belyeges-probanyomata\/","title":{"rendered":"1952 \u00c9szak-Korea &#8211; \u201e6th Anniversary of Proclamation of the Labour Law\u201d k\u00e9t b\u00e9lyeges pr\u00f3banyomata"},"content":{"rendered":"","protected":false},"excerpt":{"rendered":"<p>Nem \u00fajnyomat. Mindk\u00e9t b\u00e9lyegen \u00e1tmen\u0151 szolid v\u00edzszintes hajt\u00e1snyom.<\/p>\n","protected":false},"featured_media":31597,"template":"","meta":[],"product_brand":[],"product_cat":[1225],"product_tag":[1669,116,390,1006],"class_list":{"0":"post-27168","1":"product","2":"type-product","3":"status-publish","4":"has-post-thumbnail","6":"product_cat-eszak-korea","7":"product_tag-3rd-auction","8":"product_tag-belyeg","9":"product_tag-probanyomat","10":"product_tag-unsold","12":"first","13":"instock","14":"sold-individually","15":"shipping-taxable","16":"purchasable","17":"product-type-simple"},"_links":{"self":[{"href":"https:\/\/stampcurio.com\/hu\/wp-json\/wp\/v2\/product\/27168","targetHints":{"allow":["GET"]}}],"collection":[{"href":"https:\/\/stampcurio.com\/hu\/wp-json\/wp\/v2\/product"}],"about":[{"href":"https:\/\/stampcurio.com\/hu\/wp-json\/wp\/v2\/types\/product"}],"wp:featuredmedia":[{"embeddable":true,"href":"https:\/\/stampcurio.com\/hu\/wp-json\/wp\/v2\/media\/31597"}],"wp:attachment":[{"href":"https:\/\/stampcurio.com\/hu\/wp-json\/wp\/v2\/media?parent=27168"}],"wp:term":[{"taxonomy":"product_brand","embeddable":true,"href":"https:\/\/stampcurio.com\/hu\/wp-json\/wp\/v2\/product_brand?post=27168"},{"taxonomy":"product_cat","embeddable":true,"href":"https:\/\/stampcurio.com\/hu\/wp-json\/wp\/v2\/product_cat?post=27168"},{"taxonomy":"product_tag","embeddable":true,"href":"https:\/\/stampcurio.com\/hu\/wp-json\/wp\/v2\/product_tag?post=27168"}],"curies":[{"name":"wp","href":"https:\/\/api.w.org\/{rel}","templated":true}]}}