{"id":27167,"date":"2025-11-24T16:27:44","date_gmt":"2025-11-24T15:27:44","guid":{"rendered":"https:\/\/stampcurio.com\/product\/1951-eszak-korea-6th-anniversary-of-koreas-liberation-kim-ki-u-1-won-ertek-piros-es-sotetkek-variacioja-postatiszta-ksc-168-usd\/"},"modified":"2025-12-05T04:03:41","modified_gmt":"2025-12-05T03:03:41","slug":"1951-eszak-korea-6th-anniversary-of-koreas-liberation-kim-ki-u-1-won-ertek-piros-es-sotetkek-vagott-postatiszta-variacioja-ksc-168-usd","status":"publish","type":"product","link":"https:\/\/stampcurio.com\/hu\/termek\/1951-eszak-korea-6th-anniversary-of-koreas-liberation-kim-ki-u-1-won-ertek-piros-es-sotetkek-vagott-postatiszta-variacioja-ksc-168-usd\/","title":{"rendered":"1951 \u00c9szak-Korea &#8211; \u201e6th Anniversary of Korea\u2019s Liberation\u201d Kim Ki U 1 won \u00e9rt\u00e9k piros \u00e9s s\u00f6t\u00e9tk\u00e9k v\u00e1gott postatiszta (*) vari\u00e1ci\u00f3ja | KSC: 168 USD"},"content":{"rendered":"","protected":false},"excerpt":{"rendered":"<p>A b\u00e9lyegekett enyvezetlen\u00fcl adt\u00e1k ki. Nem \u00fajnyomat.<\/p>\n","protected":false},"featured_media":32291,"template":"","meta":[],"product_brand":[],"product_cat":[1225],"product_tag":[1669,116],"class_list":{"0":"post-27167","1":"product","2":"type-product","3":"status-publish","4":"has-post-thumbnail","6":"product_cat-eszak-korea","7":"product_tag-3rd-auction","8":"product_tag-belyeg","10":"first","11":"outofstock","12":"sold-individually","13":"shipping-taxable","14":"purchasable","15":"product-type-simple"},"_links":{"self":[{"href":"https:\/\/stampcurio.com\/hu\/wp-json\/wp\/v2\/product\/27167","targetHints":{"allow":["GET"]}}],"collection":[{"href":"https:\/\/stampcurio.com\/hu\/wp-json\/wp\/v2\/product"}],"about":[{"href":"https:\/\/stampcurio.com\/hu\/wp-json\/wp\/v2\/types\/product"}],"wp:featuredmedia":[{"embeddable":true,"href":"https:\/\/stampcurio.com\/hu\/wp-json\/wp\/v2\/media\/32291"}],"wp:attachment":[{"href":"https:\/\/stampcurio.com\/hu\/wp-json\/wp\/v2\/media?parent=27167"}],"wp:term":[{"taxonomy":"product_brand","embeddable":true,"href":"https:\/\/stampcurio.com\/hu\/wp-json\/wp\/v2\/product_brand?post=27167"},{"taxonomy":"product_cat","embeddable":true,"href":"https:\/\/stampcurio.com\/hu\/wp-json\/wp\/v2\/product_cat?post=27167"},{"taxonomy":"product_tag","embeddable":true,"href":"https:\/\/stampcurio.com\/hu\/wp-json\/wp\/v2\/product_tag?post=27167"}],"curies":[{"name":"wp","href":"https:\/\/api.w.org\/{rel}","templated":true}]}}