{"id":27166,"date":"2025-11-24T16:27:43","date_gmt":"2025-11-24T15:27:43","guid":{"rendered":"https:\/\/stampcurio.com\/product\/2001-eszak-korea-new-year-belyeg-probanyomata-az-eredetitol-eltero-szinvariansban\/"},"modified":"2026-01-05T15:14:28","modified_gmt":"2026-01-05T14:14:28","slug":"2001-eszak-korea-new-year-belyeg-probanyomata-az-eredetitol-eltero-szinvariansban","status":"publish","type":"product","link":"https:\/\/stampcurio.com\/hu\/termek\/2001-eszak-korea-new-year-belyeg-probanyomata-az-eredetitol-eltero-szinvariansban\/","title":{"rendered":"2001 \u00c9szak-Korea &#8211; \u201eNew Year\u201d b\u00e9lyeg pr\u00f3banyomata az eredetit\u0151l elt\u00e9r\u0151 sz\u00ednvari\u00e1nsban"},"content":{"rendered":"","protected":false},"excerpt":{"rendered":"","protected":false},"featured_media":31689,"template":"","meta":[],"product_brand":[],"product_cat":[1225],"product_tag":[1669,116,390,217,1006],"class_list":{"0":"post-27166","1":"product","2":"type-product","3":"status-publish","4":"has-post-thumbnail","6":"product_cat-eszak-korea","7":"product_tag-3rd-auction","8":"product_tag-belyeg","9":"product_tag-probanyomat","10":"product_tag-tevnyomat","11":"product_tag-unsold","13":"first","14":"instock","15":"sold-individually","16":"shipping-taxable","17":"purchasable","18":"product-type-simple"},"_links":{"self":[{"href":"https:\/\/stampcurio.com\/hu\/wp-json\/wp\/v2\/product\/27166","targetHints":{"allow":["GET"]}}],"collection":[{"href":"https:\/\/stampcurio.com\/hu\/wp-json\/wp\/v2\/product"}],"about":[{"href":"https:\/\/stampcurio.com\/hu\/wp-json\/wp\/v2\/types\/product"}],"wp:featuredmedia":[{"embeddable":true,"href":"https:\/\/stampcurio.com\/hu\/wp-json\/wp\/v2\/media\/31689"}],"wp:attachment":[{"href":"https:\/\/stampcurio.com\/hu\/wp-json\/wp\/v2\/media?parent=27166"}],"wp:term":[{"taxonomy":"product_brand","embeddable":true,"href":"https:\/\/stampcurio.com\/hu\/wp-json\/wp\/v2\/product_brand?post=27166"},{"taxonomy":"product_cat","embeddable":true,"href":"https:\/\/stampcurio.com\/hu\/wp-json\/wp\/v2\/product_cat?post=27166"},{"taxonomy":"product_tag","embeddable":true,"href":"https:\/\/stampcurio.com\/hu\/wp-json\/wp\/v2\/product_tag?post=27166"}],"curies":[{"name":"wp","href":"https:\/\/api.w.org\/{rel}","templated":true}]}}