{"id":27165,"date":"2025-11-24T16:27:43","date_gmt":"2025-11-24T15:27:43","guid":{"rendered":"https:\/\/stampcurio.com\/product\/1953-eszak-korea-may-day-40-won-erteke-es-kepes-probanyomata\/"},"modified":"2026-01-05T15:14:28","modified_gmt":"2026-01-05T14:14:28","slug":"1953-eszak-korea-may-day-40-won-postatiszta-belyeg-es-ketkepes-probanyomata","status":"publish","type":"product","link":"https:\/\/stampcurio.com\/hu\/termek\/1953-eszak-korea-may-day-40-won-postatiszta-belyeg-es-ketkepes-probanyomata\/","title":{"rendered":"1953 \u00c9szak-Korea \u2013 \u201eMay Day\u201d 40 won postatiszta b\u00e9lyeg \u00e9s k\u00e9tk\u00e9pes pr\u00f3banyomata"},"content":{"rendered":"","protected":false},"excerpt":{"rendered":"<p>Nem \u00fajnyomat.<\/p>\n","protected":false},"featured_media":31995,"template":"","meta":[],"product_brand":[],"product_cat":[1225],"product_tag":[1669,116,390,1006],"class_list":{"0":"post-27165","1":"product","2":"type-product","3":"status-publish","4":"has-post-thumbnail","6":"product_cat-eszak-korea","7":"product_tag-3rd-auction","8":"product_tag-belyeg","9":"product_tag-probanyomat","10":"product_tag-unsold","12":"first","13":"instock","14":"sold-individually","15":"shipping-taxable","16":"purchasable","17":"product-type-simple"},"_links":{"self":[{"href":"https:\/\/stampcurio.com\/hu\/wp-json\/wp\/v2\/product\/27165","targetHints":{"allow":["GET"]}}],"collection":[{"href":"https:\/\/stampcurio.com\/hu\/wp-json\/wp\/v2\/product"}],"about":[{"href":"https:\/\/stampcurio.com\/hu\/wp-json\/wp\/v2\/types\/product"}],"wp:featuredmedia":[{"embeddable":true,"href":"https:\/\/stampcurio.com\/hu\/wp-json\/wp\/v2\/media\/31995"}],"wp:attachment":[{"href":"https:\/\/stampcurio.com\/hu\/wp-json\/wp\/v2\/media?parent=27165"}],"wp:term":[{"taxonomy":"product_brand","embeddable":true,"href":"https:\/\/stampcurio.com\/hu\/wp-json\/wp\/v2\/product_brand?post=27165"},{"taxonomy":"product_cat","embeddable":true,"href":"https:\/\/stampcurio.com\/hu\/wp-json\/wp\/v2\/product_cat?post=27165"},{"taxonomy":"product_tag","embeddable":true,"href":"https:\/\/stampcurio.com\/hu\/wp-json\/wp\/v2\/product_tag?post=27165"}],"curies":[{"name":"wp","href":"https:\/\/api.w.org\/{rel}","templated":true}]}}