{"id":27158,"date":"2025-11-24T16:27:38","date_gmt":"2025-11-24T15:27:38","guid":{"rendered":"https:\/\/stampcurio.com\/product\/1964-eszak-korea-lenin-halalanak-40-evfordulojara-postatiszta-ksc-200-usd\/"},"modified":"2026-01-05T15:14:30","modified_gmt":"2026-01-05T14:14:30","slug":"1964-eszak-korea-lenin-halalanak-40-evforduloja-postatiszta-belyeg-ksc-200-usd","status":"publish","type":"product","link":"https:\/\/stampcurio.com\/hu\/termek\/1964-eszak-korea-lenin-halalanak-40-evforduloja-postatiszta-belyeg-ksc-200-usd\/","title":{"rendered":"1964 \u00c9szak-Korea &#8211; Lenin hal\u00e1l\u00e1nak 40. \u00e9vfordul\u00f3ja postatiszta ** b\u00e9lyeg | KSC: 200 USD"},"content":{"rendered":"","protected":false},"excerpt":{"rendered":"","protected":false},"featured_media":33479,"template":"","meta":[],"product_brand":[],"product_cat":[1225],"product_tag":[1669,116,1006],"class_list":{"0":"post-27158","1":"product","2":"type-product","3":"status-publish","4":"has-post-thumbnail","6":"product_cat-eszak-korea","7":"product_tag-3rd-auction","8":"product_tag-belyeg","9":"product_tag-unsold","11":"first","12":"instock","13":"sold-individually","14":"shipping-taxable","15":"purchasable","16":"product-type-simple"},"_links":{"self":[{"href":"https:\/\/stampcurio.com\/hu\/wp-json\/wp\/v2\/product\/27158","targetHints":{"allow":["GET"]}}],"collection":[{"href":"https:\/\/stampcurio.com\/hu\/wp-json\/wp\/v2\/product"}],"about":[{"href":"https:\/\/stampcurio.com\/hu\/wp-json\/wp\/v2\/types\/product"}],"wp:featuredmedia":[{"embeddable":true,"href":"https:\/\/stampcurio.com\/hu\/wp-json\/wp\/v2\/media\/33479"}],"wp:attachment":[{"href":"https:\/\/stampcurio.com\/hu\/wp-json\/wp\/v2\/media?parent=27158"}],"wp:term":[{"taxonomy":"product_brand","embeddable":true,"href":"https:\/\/stampcurio.com\/hu\/wp-json\/wp\/v2\/product_brand?post=27158"},{"taxonomy":"product_cat","embeddable":true,"href":"https:\/\/stampcurio.com\/hu\/wp-json\/wp\/v2\/product_cat?post=27158"},{"taxonomy":"product_tag","embeddable":true,"href":"https:\/\/stampcurio.com\/hu\/wp-json\/wp\/v2\/product_tag?post=27158"}],"curies":[{"name":"wp","href":"https:\/\/api.w.org\/{rel}","templated":true}]}}