{"id":27157,"date":"2025-11-24T16:27:37","date_gmt":"2025-11-24T15:27:37","guid":{"rendered":"https:\/\/stampcurio.com\/product\/2024-magyarorszag-94-belyegnap-a-magyar-posta-koszonti-a-mabeosz-tagjait-blokk-belyeg\/"},"modified":"2026-01-09T21:35:08","modified_gmt":"2026-01-09T20:35:08","slug":"2024-magyarorszag-94-belyegnap-a-magyar-posta-koszonti-a-mabeosz-tagjait-blokk-es-belyeg-phu-30-eur","status":"publish","type":"product","link":"https:\/\/stampcurio.com\/hu\/termek\/2024-magyarorszag-94-belyegnap-a-magyar-posta-koszonti-a-mabeosz-tagjait-blokk-es-belyeg-phu-30-eur\/","title":{"rendered":"2024 Magyarorsz\u00e1g &#8211; 94. B\u00e9lyegnap &#8211; A Magyar Posta k\u00f6sz\u00f6nti a MAB\u00c9OSZ tagjait blokk \u00e9s b\u00e9lyeg PHu: 30 EUR"},"content":{"rendered":"","protected":false},"excerpt":{"rendered":"","protected":false},"featured_media":33900,"template":"","meta":[],"product_brand":[],"product_cat":[1172],"product_tag":[1669,116],"class_list":{"0":"post-27157","1":"product","2":"type-product","3":"status-publish","4":"has-post-thumbnail","6":"product_cat-magyarorszag","7":"product_tag-3rd-auction","8":"product_tag-belyeg","10":"first","11":"outofstock","12":"sold-individually","13":"shipping-taxable","14":"purchasable","15":"product-type-simple"},"_links":{"self":[{"href":"https:\/\/stampcurio.com\/hu\/wp-json\/wp\/v2\/product\/27157","targetHints":{"allow":["GET"]}}],"collection":[{"href":"https:\/\/stampcurio.com\/hu\/wp-json\/wp\/v2\/product"}],"about":[{"href":"https:\/\/stampcurio.com\/hu\/wp-json\/wp\/v2\/types\/product"}],"wp:featuredmedia":[{"embeddable":true,"href":"https:\/\/stampcurio.com\/hu\/wp-json\/wp\/v2\/media\/33900"}],"wp:attachment":[{"href":"https:\/\/stampcurio.com\/hu\/wp-json\/wp\/v2\/media?parent=27157"}],"wp:term":[{"taxonomy":"product_brand","embeddable":true,"href":"https:\/\/stampcurio.com\/hu\/wp-json\/wp\/v2\/product_brand?post=27157"},{"taxonomy":"product_cat","embeddable":true,"href":"https:\/\/stampcurio.com\/hu\/wp-json\/wp\/v2\/product_cat?post=27157"},{"taxonomy":"product_tag","embeddable":true,"href":"https:\/\/stampcurio.com\/hu\/wp-json\/wp\/v2\/product_tag?post=27157"}],"curies":[{"name":"wp","href":"https:\/\/api.w.org\/{rel}","templated":true}]}}