{"id":27156,"date":"2025-11-24T16:27:37","date_gmt":"2025-11-24T15:27:37","guid":{"rendered":"https:\/\/stampcurio.com\/product\/1956-magyarorszag-magyar-internalt-posta-amszterdamba-judenau-atmeno-belyegzessel-rendkivul-ritka-1956-os-voroskeresztes-postatorteneti-dokumentum\/"},"modified":"2025-12-05T04:03:45","modified_gmt":"2025-12-05T03:03:45","slug":"1956-magyarorszag-judenau-i-magyar-internalt-posta-budapestre-kuldott-kepeslap-a-kepeslap-a-holland-voroskereszt-kiadasa-rendkivul-ritka-1956-os-voroskeresztes-postatorteneti-dokumentum","status":"publish","type":"product","link":"https:\/\/stampcurio.com\/hu\/termek\/1956-magyarorszag-judenau-i-magyar-internalt-posta-budapestre-kuldott-kepeslap-a-kepeslap-a-holland-voroskereszt-kiadasa-rendkivul-ritka-1956-os-voroskeresztes-postatorteneti-dokumentum\/","title":{"rendered":"1956 Magyarorsz\u00e1g &#8211; Judenau-i magyar intern\u00e1lt posta &#8211; Budapestre k\u00fcld\u00f6tt k\u00e9peslap (a k\u00e9peslap a holland v\u00f6r\u00f6skereszt kiad\u00e1sa) &#8211; rendk\u00edv\u00fcl ritka 1956-os V\u00f6r\u00f6skeresztes postat\u00f6rt\u00e9neti dokumentum"},"content":{"rendered":"","protected":false},"excerpt":{"rendered":"","protected":false},"featured_media":28895,"template":"","meta":[],"product_brand":[],"product_cat":[1178,1259,1172],"product_tag":[1743,1669,1041,89,328],"class_list":{"0":"post-27156","1":"product","2":"type-product","3":"status-publish","4":"has-post-thumbnail","6":"product_cat-ausztria","7":"product_cat-hollandia","8":"product_cat-magyarorszag","9":"product_tag-1743","10":"product_tag-3rd-auction","11":"product_tag-marcophily-hu","12":"product_tag-postatortenet","13":"product_tag-voroskereszt","15":"first","16":"outofstock","17":"sold-individually","18":"shipping-taxable","19":"purchasable","20":"product-type-simple"},"_links":{"self":[{"href":"https:\/\/stampcurio.com\/hu\/wp-json\/wp\/v2\/product\/27156","targetHints":{"allow":["GET"]}}],"collection":[{"href":"https:\/\/stampcurio.com\/hu\/wp-json\/wp\/v2\/product"}],"about":[{"href":"https:\/\/stampcurio.com\/hu\/wp-json\/wp\/v2\/types\/product"}],"wp:featuredmedia":[{"embeddable":true,"href":"https:\/\/stampcurio.com\/hu\/wp-json\/wp\/v2\/media\/28895"}],"wp:attachment":[{"href":"https:\/\/stampcurio.com\/hu\/wp-json\/wp\/v2\/media?parent=27156"}],"wp:term":[{"taxonomy":"product_brand","embeddable":true,"href":"https:\/\/stampcurio.com\/hu\/wp-json\/wp\/v2\/product_brand?post=27156"},{"taxonomy":"product_cat","embeddable":true,"href":"https:\/\/stampcurio.com\/hu\/wp-json\/wp\/v2\/product_cat?post=27156"},{"taxonomy":"product_tag","embeddable":true,"href":"https:\/\/stampcurio.com\/hu\/wp-json\/wp\/v2\/product_tag?post=27156"}],"curies":[{"name":"wp","href":"https:\/\/api.w.org\/{rel}","templated":true}]}}