{"id":27151,"date":"2025-11-24T16:27:35","date_gmt":"2025-11-24T15:27:35","guid":{"rendered":"https:\/\/stampcurio.com\/product\/1874-magyarorszag-sisak-lebelyegzes-szep-osszefuggesen-gudlin-2x100\/"},"modified":"2025-12-05T04:03:47","modified_gmt":"2025-12-05T03:03:47","slug":"1874-magyarorszag-szep-sisak-belyegzes-kivagason-gudlin-2-x-100-pont","status":"publish","type":"product","link":"https:\/\/stampcurio.com\/hu\/termek\/1874-magyarorszag-szep-sisak-belyegzes-kivagason-gudlin-2-x-100-pont\/","title":{"rendered":"1874 Magyarorsz\u00e1g &#8211; sz\u00e9p SISAK b\u00e9lyegz\u00e9s kiv\u00e1g\u00e1son | Gudlin: 2 x 100 pont"},"content":{"rendered":"","protected":false},"excerpt":{"rendered":"","protected":false},"featured_media":31685,"template":"","meta":[],"product_brand":[],"product_cat":[1192,1172],"product_tag":[1669,116,1041],"class_list":{"0":"post-27151","1":"product","2":"type-product","3":"status-publish","4":"has-post-thumbnail","6":"product_cat-horvatorszag","7":"product_cat-magyarorszag","8":"product_tag-3rd-auction","9":"product_tag-belyeg","10":"product_tag-marcophily-hu","12":"first","13":"outofstock","14":"sold-individually","15":"shipping-taxable","16":"purchasable","17":"product-type-simple"},"_links":{"self":[{"href":"https:\/\/stampcurio.com\/hu\/wp-json\/wp\/v2\/product\/27151","targetHints":{"allow":["GET"]}}],"collection":[{"href":"https:\/\/stampcurio.com\/hu\/wp-json\/wp\/v2\/product"}],"about":[{"href":"https:\/\/stampcurio.com\/hu\/wp-json\/wp\/v2\/types\/product"}],"wp:featuredmedia":[{"embeddable":true,"href":"https:\/\/stampcurio.com\/hu\/wp-json\/wp\/v2\/media\/31685"}],"wp:attachment":[{"href":"https:\/\/stampcurio.com\/hu\/wp-json\/wp\/v2\/media?parent=27151"}],"wp:term":[{"taxonomy":"product_brand","embeddable":true,"href":"https:\/\/stampcurio.com\/hu\/wp-json\/wp\/v2\/product_brand?post=27151"},{"taxonomy":"product_cat","embeddable":true,"href":"https:\/\/stampcurio.com\/hu\/wp-json\/wp\/v2\/product_cat?post=27151"},{"taxonomy":"product_tag","embeddable":true,"href":"https:\/\/stampcurio.com\/hu\/wp-json\/wp\/v2\/product_tag?post=27151"}],"curies":[{"name":"wp","href":"https:\/\/api.w.org\/{rel}","templated":true}]}}