{"id":27150,"date":"2025-11-24T16:27:35","date_gmt":"2025-11-24T15:27:35","guid":{"rendered":"https:\/\/stampcurio.com\/product\/1874-magyarorszag-budapest-orszaghaz-luxus-belyegzes-gudlin-100-pont\/"},"modified":"2025-12-05T04:03:47","modified_gmt":"2025-12-05T03:03:47","slug":"1874-magyarorszag-budapest-orszaghaz-luxus-belyegzes-gudlin-100-pont","status":"publish","type":"product","link":"https:\/\/stampcurio.com\/hu\/termek\/1874-magyarorszag-budapest-orszaghaz-luxus-belyegzes-gudlin-100-pont\/","title":{"rendered":"1874 Magyarorsz\u00e1g &#8211; BUDAPEST \/ ORSZ\u00c1GH\u00c1Z luxus b\u00e9lyegz\u00e9s | Gudlin: 100 pont"},"content":{"rendered":"","protected":false},"excerpt":{"rendered":"","protected":false},"featured_media":33659,"template":"","meta":[],"product_brand":[],"product_cat":[1172],"product_tag":[1669,116,1041,467],"class_list":{"0":"post-27150","1":"product","2":"type-product","3":"status-publish","4":"has-post-thumbnail","6":"product_cat-magyarorszag","7":"product_tag-3rd-auction","8":"product_tag-belyeg","9":"product_tag-marcophily-hu","10":"product_tag-orszaghaz","12":"first","13":"outofstock","14":"sold-individually","15":"shipping-taxable","16":"purchasable","17":"product-type-simple"},"_links":{"self":[{"href":"https:\/\/stampcurio.com\/hu\/wp-json\/wp\/v2\/product\/27150","targetHints":{"allow":["GET"]}}],"collection":[{"href":"https:\/\/stampcurio.com\/hu\/wp-json\/wp\/v2\/product"}],"about":[{"href":"https:\/\/stampcurio.com\/hu\/wp-json\/wp\/v2\/types\/product"}],"wp:featuredmedia":[{"embeddable":true,"href":"https:\/\/stampcurio.com\/hu\/wp-json\/wp\/v2\/media\/33659"}],"wp:attachment":[{"href":"https:\/\/stampcurio.com\/hu\/wp-json\/wp\/v2\/media?parent=27150"}],"wp:term":[{"taxonomy":"product_brand","embeddable":true,"href":"https:\/\/stampcurio.com\/hu\/wp-json\/wp\/v2\/product_brand?post=27150"},{"taxonomy":"product_cat","embeddable":true,"href":"https:\/\/stampcurio.com\/hu\/wp-json\/wp\/v2\/product_cat?post=27150"},{"taxonomy":"product_tag","embeddable":true,"href":"https:\/\/stampcurio.com\/hu\/wp-json\/wp\/v2\/product_tag?post=27150"}],"curies":[{"name":"wp","href":"https:\/\/api.w.org\/{rel}","templated":true}]}}