{"id":27149,"date":"2025-11-24T16:27:34","date_gmt":"2025-11-24T15:27:34","guid":{"rendered":"https:\/\/stampcurio.com\/product\/1850-ausztria-3-kr-gepi-papir-mp-iiib-tipus-172h-lemezhibaval-ferchenbauer-120-eur\/"},"modified":"2025-12-05T04:03:48","modified_gmt":"2025-12-05T03:03:48","slug":"1850-ausztria-3-kr-gepi-papir-mp-iiib-tipus-ferchenbauer-172h-lemezhiba-120-eur","status":"publish","type":"product","link":"https:\/\/stampcurio.com\/hu\/termek\/1850-ausztria-3-kr-gepi-papir-mp-iiib-tipus-ferchenbauer-172h-lemezhiba-120-eur\/","title":{"rendered":"1850 Ausztria &#8211; 3 kr g\u00e9pi pap\u00edr MP IIIb. t\u00edpus, Ferchenbauer 172H lemezhiba \/ 120 EUR"},"content":{"rendered":"","protected":false},"excerpt":{"rendered":"","protected":false},"featured_media":32169,"template":"","meta":[],"product_brand":[],"product_cat":[1178],"product_tag":[1669,116,217],"class_list":{"0":"post-27149","1":"product","2":"type-product","3":"status-publish","4":"has-post-thumbnail","6":"product_cat-ausztria","7":"product_tag-3rd-auction","8":"product_tag-belyeg","9":"product_tag-tevnyomat","11":"first","12":"outofstock","13":"sold-individually","14":"shipping-taxable","15":"purchasable","16":"product-type-simple"},"_links":{"self":[{"href":"https:\/\/stampcurio.com\/hu\/wp-json\/wp\/v2\/product\/27149","targetHints":{"allow":["GET"]}}],"collection":[{"href":"https:\/\/stampcurio.com\/hu\/wp-json\/wp\/v2\/product"}],"about":[{"href":"https:\/\/stampcurio.com\/hu\/wp-json\/wp\/v2\/types\/product"}],"wp:featuredmedia":[{"embeddable":true,"href":"https:\/\/stampcurio.com\/hu\/wp-json\/wp\/v2\/media\/32169"}],"wp:attachment":[{"href":"https:\/\/stampcurio.com\/hu\/wp-json\/wp\/v2\/media?parent=27149"}],"wp:term":[{"taxonomy":"product_brand","embeddable":true,"href":"https:\/\/stampcurio.com\/hu\/wp-json\/wp\/v2\/product_brand?post=27149"},{"taxonomy":"product_cat","embeddable":true,"href":"https:\/\/stampcurio.com\/hu\/wp-json\/wp\/v2\/product_cat?post=27149"},{"taxonomy":"product_tag","embeddable":true,"href":"https:\/\/stampcurio.com\/hu\/wp-json\/wp\/v2\/product_tag?post=27149"}],"curies":[{"name":"wp","href":"https:\/\/api.w.org\/{rel}","templated":true}]}}