{"id":27148,"date":"2025-11-24T16:27:34","date_gmt":"2025-11-24T15:27:34","guid":{"rendered":"https:\/\/stampcurio.com\/product\/1850-ausztria-9-kr-i-tipus-szep-szelekkel-9-kr-alatt-lemezhibaval-pesth-belyegzessel\/"},"modified":"2025-12-05T04:03:47","modified_gmt":"2025-12-05T03:03:47","slug":"1850-ausztria-9-kr-i-tipus-szep-szelekkel-9-kreu-alatt-javitott-vizszintes-vonallal-pesth-belyegzessel","status":"publish","type":"product","link":"https:\/\/stampcurio.com\/hu\/termek\/1850-ausztria-9-kr-i-tipus-szep-szelekkel-9-kreu-alatt-javitott-vizszintes-vonallal-pesth-belyegzessel\/","title":{"rendered":"1850 Ausztria &#8211; 9 kr I. t\u00edpus sz\u00e9p sz\u00e9lekkel, &#8220;9 KREU&#8221; alatt jav\u00edtott v\u00edzszintes vonallal &#8211; PESTH b\u00e9lyegz\u00e9ssel"},"content":{"rendered":"","protected":false},"excerpt":{"rendered":"","protected":false},"featured_media":32183,"template":"","meta":[],"product_brand":[],"product_cat":[1178,1172],"product_tag":[1669,116,217],"class_list":{"0":"post-27148","1":"product","2":"type-product","3":"status-publish","4":"has-post-thumbnail","6":"product_cat-ausztria","7":"product_cat-magyarorszag","8":"product_tag-3rd-auction","9":"product_tag-belyeg","10":"product_tag-tevnyomat","12":"first","13":"outofstock","14":"sold-individually","15":"shipping-taxable","16":"purchasable","17":"product-type-simple"},"_links":{"self":[{"href":"https:\/\/stampcurio.com\/hu\/wp-json\/wp\/v2\/product\/27148","targetHints":{"allow":["GET"]}}],"collection":[{"href":"https:\/\/stampcurio.com\/hu\/wp-json\/wp\/v2\/product"}],"about":[{"href":"https:\/\/stampcurio.com\/hu\/wp-json\/wp\/v2\/types\/product"}],"wp:featuredmedia":[{"embeddable":true,"href":"https:\/\/stampcurio.com\/hu\/wp-json\/wp\/v2\/media\/32183"}],"wp:attachment":[{"href":"https:\/\/stampcurio.com\/hu\/wp-json\/wp\/v2\/media?parent=27148"}],"wp:term":[{"taxonomy":"product_brand","embeddable":true,"href":"https:\/\/stampcurio.com\/hu\/wp-json\/wp\/v2\/product_brand?post=27148"},{"taxonomy":"product_cat","embeddable":true,"href":"https:\/\/stampcurio.com\/hu\/wp-json\/wp\/v2\/product_cat?post=27148"},{"taxonomy":"product_tag","embeddable":true,"href":"https:\/\/stampcurio.com\/hu\/wp-json\/wp\/v2\/product_tag?post=27148"}],"curies":[{"name":"wp","href":"https:\/\/api.w.org\/{rel}","templated":true}]}}