{"id":27147,"date":"2025-11-24T16:27:34","date_gmt":"2025-11-24T15:27:34","guid":{"rendered":"https:\/\/stampcurio.com\/product\/1850-ausztria-lombard-velence-9-kr-i-tipus-milano-belyegzessel-ferchenbauer-270-eur\/"},"modified":"2026-01-05T15:14:31","modified_gmt":"2026-01-05T14:14:31","slug":"1850-ausztria-9-kr-i-tipus-felul-kepbe-vagva-lombard-velencei-belyegzesssel-milano-ferchenbauer-270-eur","status":"publish","type":"product","link":"https:\/\/stampcurio.com\/hu\/termek\/1850-ausztria-9-kr-i-tipus-felul-kepbe-vagva-lombard-velencei-belyegzesssel-milano-ferchenbauer-270-eur\/","title":{"rendered":"1850 Ausztria &#8211; 9 kr I. t\u00edpus (fel\u00fcl k\u00e9pbe v\u00e1gva) &#8211; Lombard-Velencei b\u00e9lyegz\u00e9sssel (!) MILANO | Ferchenbauer: 270 EUR"},"content":{"rendered":"","protected":false},"excerpt":{"rendered":"","protected":false},"featured_media":33653,"template":"","meta":[],"product_brand":[],"product_cat":[1178,1183],"product_tag":[1669,116,1041,89,1006],"class_list":{"0":"post-27147","1":"product","2":"type-product","3":"status-publish","4":"has-post-thumbnail","6":"product_cat-ausztria","7":"product_cat-olaszorszag","8":"product_tag-3rd-auction","9":"product_tag-belyeg","10":"product_tag-marcophily-hu","11":"product_tag-postatortenet","12":"product_tag-unsold","14":"first","15":"instock","16":"sold-individually","17":"shipping-taxable","18":"purchasable","19":"product-type-simple"},"_links":{"self":[{"href":"https:\/\/stampcurio.com\/hu\/wp-json\/wp\/v2\/product\/27147","targetHints":{"allow":["GET"]}}],"collection":[{"href":"https:\/\/stampcurio.com\/hu\/wp-json\/wp\/v2\/product"}],"about":[{"href":"https:\/\/stampcurio.com\/hu\/wp-json\/wp\/v2\/types\/product"}],"wp:featuredmedia":[{"embeddable":true,"href":"https:\/\/stampcurio.com\/hu\/wp-json\/wp\/v2\/media\/33653"}],"wp:attachment":[{"href":"https:\/\/stampcurio.com\/hu\/wp-json\/wp\/v2\/media?parent=27147"}],"wp:term":[{"taxonomy":"product_brand","embeddable":true,"href":"https:\/\/stampcurio.com\/hu\/wp-json\/wp\/v2\/product_brand?post=27147"},{"taxonomy":"product_cat","embeddable":true,"href":"https:\/\/stampcurio.com\/hu\/wp-json\/wp\/v2\/product_cat?post=27147"},{"taxonomy":"product_tag","embeddable":true,"href":"https:\/\/stampcurio.com\/hu\/wp-json\/wp\/v2\/product_tag?post=27147"}],"curies":[{"name":"wp","href":"https:\/\/api.w.org\/{rel}","templated":true}]}}