{"id":27146,"date":"2025-11-24T16:27:33","date_gmt":"2025-11-24T15:27:33","guid":{"rendered":"https:\/\/stampcurio.com\/product\/1850-magyarorszag-nyerges-ujfalu-belyegzes-3-6-kr-belyegeken-muller-2x350-gudlin-2x20\/"},"modified":"2025-12-05T04:03:48","modified_gmt":"2025-12-05T03:03:48","slug":"1850-ausztria-nyerges-ujfalu-belyegzes-3-kr-es-6-kr-belyegeken-gudlin-2-350-pont-muller-2-20-pont","status":"publish","type":"product","link":"https:\/\/stampcurio.com\/hu\/termek\/1850-ausztria-nyerges-ujfalu-belyegzes-3-kr-es-6-kr-belyegeken-gudlin-2-350-pont-muller-2-20-pont\/","title":{"rendered":"1850 Ausztria &#8211; NYERGES-UJFALU b\u00e9lyegz\u00e9s 3 kr \u00e9s 6 kr b\u00e9lyegeken | Gudlin: 2 * 350 pont | M\u00fcller: 2  * 20 pont"},"content":{"rendered":"","protected":false},"excerpt":{"rendered":"","protected":false},"featured_media":32013,"template":"","meta":[],"product_brand":[],"product_cat":[1178,1172],"product_tag":[1669,116,1041],"class_list":{"0":"post-27146","1":"product","2":"type-product","3":"status-publish","4":"has-post-thumbnail","6":"product_cat-ausztria","7":"product_cat-magyarorszag","8":"product_tag-3rd-auction","9":"product_tag-belyeg","10":"product_tag-marcophily-hu","12":"first","13":"outofstock","14":"sold-individually","15":"shipping-taxable","16":"purchasable","17":"product-type-simple"},"_links":{"self":[{"href":"https:\/\/stampcurio.com\/hu\/wp-json\/wp\/v2\/product\/27146","targetHints":{"allow":["GET"]}}],"collection":[{"href":"https:\/\/stampcurio.com\/hu\/wp-json\/wp\/v2\/product"}],"about":[{"href":"https:\/\/stampcurio.com\/hu\/wp-json\/wp\/v2\/types\/product"}],"wp:featuredmedia":[{"embeddable":true,"href":"https:\/\/stampcurio.com\/hu\/wp-json\/wp\/v2\/media\/32013"}],"wp:attachment":[{"href":"https:\/\/stampcurio.com\/hu\/wp-json\/wp\/v2\/media?parent=27146"}],"wp:term":[{"taxonomy":"product_brand","embeddable":true,"href":"https:\/\/stampcurio.com\/hu\/wp-json\/wp\/v2\/product_brand?post=27146"},{"taxonomy":"product_cat","embeddable":true,"href":"https:\/\/stampcurio.com\/hu\/wp-json\/wp\/v2\/product_cat?post=27146"},{"taxonomy":"product_tag","embeddable":true,"href":"https:\/\/stampcurio.com\/hu\/wp-json\/wp\/v2\/product_tag?post=27146"}],"curies":[{"name":"wp","href":"https:\/\/api.w.org\/{rel}","templated":true}]}}