{"id":27145,"date":"2025-11-24T16:27:33","date_gmt":"2025-11-24T15:27:33","guid":{"rendered":"https:\/\/stampcurio.com\/product\/1842-ausztria-belgradi-konzulatusi-postan-semlinbe-kuldott-kuldemeny-tertivevenye-kolera-fertotlenito-belyegzovel\/"},"modified":"2025-12-05T04:03:48","modified_gmt":"2025-12-05T03:03:48","slug":"1842-ausztria-az-osztrak-belgradi-konzulatusi-postaval-semlinbe-kuldott-kuldemeny-tertivevenye-kolera-fertotlenito-allomas-belyegzovel","status":"publish","type":"product","link":"https:\/\/stampcurio.com\/hu\/termek\/1842-ausztria-az-osztrak-belgradi-konzulatusi-postaval-semlinbe-kuldott-kuldemeny-tertivevenye-kolera-fertotlenito-allomas-belyegzovel\/","title":{"rendered":"1842 Ausztria &#8211; az osztr\u00e1k belgr\u00e1di konzul\u00e1tusi post\u00e1val Semlinbe k\u00fcld\u00f6tt k\u00fcldem\u00e9ny t\u00e9rtivev\u00e9nye, kolera fert\u0151tlen\u00edt\u0151 \u00e1llom\u00e1s b\u00e9lyegz\u0151vel"},"content":{"rendered":"","protected":false},"excerpt":{"rendered":"","protected":false},"featured_media":28513,"template":"","meta":[],"product_brand":[],"product_cat":[1178,1172,1245],"product_tag":[1669,127,1041,89,1305],"class_list":{"0":"post-27145","1":"product","2":"type-product","3":"status-publish","4":"has-post-thumbnail","6":"product_cat-ausztria","7":"product_cat-magyarorszag","8":"product_cat-szerbia","9":"product_tag-3rd-auction","10":"product_tag-konzulatusi-posta","11":"product_tag-marcophily-hu","12":"product_tag-postatortenet","13":"product_tag-vorphila","15":"first","16":"outofstock","17":"sold-individually","18":"shipping-taxable","19":"purchasable","20":"product-type-simple"},"_links":{"self":[{"href":"https:\/\/stampcurio.com\/hu\/wp-json\/wp\/v2\/product\/27145","targetHints":{"allow":["GET"]}}],"collection":[{"href":"https:\/\/stampcurio.com\/hu\/wp-json\/wp\/v2\/product"}],"about":[{"href":"https:\/\/stampcurio.com\/hu\/wp-json\/wp\/v2\/types\/product"}],"wp:featuredmedia":[{"embeddable":true,"href":"https:\/\/stampcurio.com\/hu\/wp-json\/wp\/v2\/media\/28513"}],"wp:attachment":[{"href":"https:\/\/stampcurio.com\/hu\/wp-json\/wp\/v2\/media?parent=27145"}],"wp:term":[{"taxonomy":"product_brand","embeddable":true,"href":"https:\/\/stampcurio.com\/hu\/wp-json\/wp\/v2\/product_brand?post=27145"},{"taxonomy":"product_cat","embeddable":true,"href":"https:\/\/stampcurio.com\/hu\/wp-json\/wp\/v2\/product_cat?post=27145"},{"taxonomy":"product_tag","embeddable":true,"href":"https:\/\/stampcurio.com\/hu\/wp-json\/wp\/v2\/product_tag?post=27145"}],"curies":[{"name":"wp","href":"https:\/\/api.w.org\/{rel}","templated":true}]}}