{"id":27143,"date":"2025-11-24T16:27:32","date_gmt":"2025-11-24T15:27:32","guid":{"rendered":"https:\/\/stampcurio.com\/product\/1912-magyarorszag-kuk-marinedetachement-peking-belyegzes-turul-35-f-kivagason\/"},"modified":"2025-12-05T04:03:49","modified_gmt":"2025-12-05T03:03:49","slug":"1912-magyarorszag-k-u-k-marinedetachement-peking-belyegzes-turul-35-f-kivagason","status":"publish","type":"product","link":"https:\/\/stampcurio.com\/hu\/termek\/1912-magyarorszag-k-u-k-marinedetachement-peking-belyegzes-turul-35-f-kivagason\/","title":{"rendered":"1912 Magyarorsz\u00e1g &#8211; K.u.K. MARINEDETACHEMENT \/ PEKING b\u00e9lyegz\u00e9s turul 35 f kiv\u00e1g\u00e1son"},"content":{"rendered":"","protected":false},"excerpt":{"rendered":"","protected":false},"featured_media":32915,"template":"","meta":[],"product_brand":[],"product_cat":[1178,1247,1172],"product_tag":[1669,1041,89,208],"class_list":{"0":"post-27143","1":"product","2":"type-product","3":"status-publish","4":"has-post-thumbnail","6":"product_cat-ausztria","7":"product_cat-kina","8":"product_cat-magyarorszag","9":"product_tag-3rd-auction","10":"product_tag-marcophily-hu","11":"product_tag-postatortenet","12":"product_tag-tabori-posta","14":"first","15":"outofstock","16":"sold-individually","17":"shipping-taxable","18":"purchasable","19":"product-type-simple"},"_links":{"self":[{"href":"https:\/\/stampcurio.com\/hu\/wp-json\/wp\/v2\/product\/27143","targetHints":{"allow":["GET"]}}],"collection":[{"href":"https:\/\/stampcurio.com\/hu\/wp-json\/wp\/v2\/product"}],"about":[{"href":"https:\/\/stampcurio.com\/hu\/wp-json\/wp\/v2\/types\/product"}],"wp:featuredmedia":[{"embeddable":true,"href":"https:\/\/stampcurio.com\/hu\/wp-json\/wp\/v2\/media\/32915"}],"wp:attachment":[{"href":"https:\/\/stampcurio.com\/hu\/wp-json\/wp\/v2\/media?parent=27143"}],"wp:term":[{"taxonomy":"product_brand","embeddable":true,"href":"https:\/\/stampcurio.com\/hu\/wp-json\/wp\/v2\/product_brand?post=27143"},{"taxonomy":"product_cat","embeddable":true,"href":"https:\/\/stampcurio.com\/hu\/wp-json\/wp\/v2\/product_cat?post=27143"},{"taxonomy":"product_tag","embeddable":true,"href":"https:\/\/stampcurio.com\/hu\/wp-json\/wp\/v2\/product_tag?post=27143"}],"curies":[{"name":"wp","href":"https:\/\/api.w.org\/{rel}","templated":true}]}}