{"id":27142,"date":"2025-11-24T16:27:32","date_gmt":"2025-11-24T15:27:32","guid":{"rendered":"https:\/\/stampcurio.com\/product\/1919-horvatorszag-shs-ertekbiztositott-szallitolevel-stupnik-slavonski-postaugynoksegi-belyegzessel-magyar-es-horvat-portobelyegek-vegyes-felhasznalasaval-pu-r\/"},"modified":"2025-12-05T04:03:49","modified_gmt":"2025-12-05T03:03:49","slug":"1919-horvatorszag-shs-ertekbiztositott-csomag-szallitolevele-stupnik-slavonski-postaugynoksegi-belyegzessel-magyar-portobelyegek-provizorikus-felhasznalasaval-pu-lebelyegzes-katalogus-r-ritka","status":"publish","type":"product","link":"https:\/\/stampcurio.com\/hu\/termek\/1919-horvatorszag-shs-ertekbiztositott-csomag-szallitolevele-stupnik-slavonski-postaugynoksegi-belyegzessel-magyar-portobelyegek-provizorikus-felhasznalasaval-pu-lebelyegzes-katalogus-r-ritka\/","title":{"rendered":"1919 Horv\u00e1torsz\u00e1g &#8211; SHS \u00e9rt\u00e9kbiztos\u00edtott csomag sz\u00e1ll\u00edt\u00f3levele \u0160TUPNIK SLAVONSKI posta\u00fcgyn\u00f6ks\u00e9gi b\u00e9lyegz\u00e9ssel magyar port\u00f3b\u00e9lyegek proviz\u00f3rikus felhaszn\u00e1l\u00e1s\u00e1val | P\u00dc leb\u00e9lyegz\u00e9s katal\u00f3gus: R (ritka)"},"content":{"rendered":"","protected":false},"excerpt":{"rendered":"","protected":false},"featured_media":28491,"template":"","meta":[],"product_brand":[],"product_cat":[1192,1694,1172],"product_tag":[1669,74,1332,89,1269,256,157,172],"class_list":{"0":"post-27142","1":"product","2":"type-product","3":"status-publish","4":"has-post-thumbnail","6":"product_cat-horvatorszag","7":"product_cat-jugoszlavia","8":"product_cat-magyarorszag","9":"product_tag-3rd-auction","10":"product_tag-dijjegyes","11":"product_tag-helyi-kiadas","12":"product_tag-postatortenet","13":"product_tag-postaugynokseg","14":"product_tag-provizorium","15":"product_tag-szallitolevel","16":"product_tag-vegyes-bermentesites","18":"first","19":"outofstock","20":"sold-individually","21":"shipping-taxable","22":"purchasable","23":"product-type-simple"},"_links":{"self":[{"href":"https:\/\/stampcurio.com\/hu\/wp-json\/wp\/v2\/product\/27142","targetHints":{"allow":["GET"]}}],"collection":[{"href":"https:\/\/stampcurio.com\/hu\/wp-json\/wp\/v2\/product"}],"about":[{"href":"https:\/\/stampcurio.com\/hu\/wp-json\/wp\/v2\/types\/product"}],"wp:featuredmedia":[{"embeddable":true,"href":"https:\/\/stampcurio.com\/hu\/wp-json\/wp\/v2\/media\/28491"}],"wp:attachment":[{"href":"https:\/\/stampcurio.com\/hu\/wp-json\/wp\/v2\/media?parent=27142"}],"wp:term":[{"taxonomy":"product_brand","embeddable":true,"href":"https:\/\/stampcurio.com\/hu\/wp-json\/wp\/v2\/product_brand?post=27142"},{"taxonomy":"product_cat","embeddable":true,"href":"https:\/\/stampcurio.com\/hu\/wp-json\/wp\/v2\/product_cat?post=27142"},{"taxonomy":"product_tag","embeddable":true,"href":"https:\/\/stampcurio.com\/hu\/wp-json\/wp\/v2\/product_tag?post=27142"}],"curies":[{"name":"wp","href":"https:\/\/api.w.org\/{rel}","templated":true}]}}