{"id":27141,"date":"2025-11-24T16:27:31","date_gmt":"2025-11-24T15:27:31","guid":{"rendered":"https:\/\/stampcurio.com\/product\/1910-magyarorszag-flugrad-nemeti-kepeslap-nagyon-korai-nemeti-fele-magyar-repulo-tervvel\/"},"modified":"2026-01-05T15:14:32","modified_gmt":"2026-01-05T14:14:32","slug":"1910-magyarorszag-flugrad-nemeti-kepeslap-nagyon-korai-nemeti-fele-magyar-repulo-tervvel","status":"publish","type":"product","link":"https:\/\/stampcurio.com\/hu\/termek\/1910-magyarorszag-flugrad-nemeti-kepeslap-nagyon-korai-nemeti-fele-magyar-repulo-tervvel\/","title":{"rendered":"1910 Magyarorsz\u00e1g &#8211; FLUGRAD \/ N\u00c9METI k\u00e9peslap nagyon korai N\u00e9meti-f\u00e9le magyar rep\u00fcl\u0151 tervvel"},"content":{"rendered":"","protected":false},"excerpt":{"rendered":"","protected":false},"featured_media":28014,"template":"","meta":[],"product_brand":[],"product_cat":[1172],"product_tag":[1669,97,115,1006],"class_list":{"0":"post-27141","1":"product","2":"type-product","3":"status-publish","4":"has-post-thumbnail","6":"product_cat-magyarorszag","7":"product_tag-3rd-auction","8":"product_tag-kepeslap","9":"product_tag-legiposta","10":"product_tag-unsold","12":"first","13":"instock","14":"sold-individually","15":"shipping-taxable","16":"purchasable","17":"product-type-simple"},"_links":{"self":[{"href":"https:\/\/stampcurio.com\/hu\/wp-json\/wp\/v2\/product\/27141","targetHints":{"allow":["GET"]}}],"collection":[{"href":"https:\/\/stampcurio.com\/hu\/wp-json\/wp\/v2\/product"}],"about":[{"href":"https:\/\/stampcurio.com\/hu\/wp-json\/wp\/v2\/types\/product"}],"wp:featuredmedia":[{"embeddable":true,"href":"https:\/\/stampcurio.com\/hu\/wp-json\/wp\/v2\/media\/28014"}],"wp:attachment":[{"href":"https:\/\/stampcurio.com\/hu\/wp-json\/wp\/v2\/media?parent=27141"}],"wp:term":[{"taxonomy":"product_brand","embeddable":true,"href":"https:\/\/stampcurio.com\/hu\/wp-json\/wp\/v2\/product_brand?post=27141"},{"taxonomy":"product_cat","embeddable":true,"href":"https:\/\/stampcurio.com\/hu\/wp-json\/wp\/v2\/product_cat?post=27141"},{"taxonomy":"product_tag","embeddable":true,"href":"https:\/\/stampcurio.com\/hu\/wp-json\/wp\/v2\/product_tag?post=27141"}],"curies":[{"name":"wp","href":"https:\/\/api.w.org\/{rel}","templated":true}]}}