{"id":27139,"date":"2025-11-24T16:27:30","date_gmt":"2025-11-24T15:27:30","guid":{"rendered":"https:\/\/stampcurio.com\/product\/1950-magyarorszag-upu-postatiszta-fogazott-blokk-szep-minoseg\/"},"modified":"2026-01-05T15:14:33","modified_gmt":"2026-01-05T14:14:33","slug":"1950-magyarorszag-upu-postatiszta-fogazott-blokk-szep-minoseg","status":"publish","type":"product","link":"https:\/\/stampcurio.com\/hu\/termek\/1950-magyarorszag-upu-postatiszta-fogazott-blokk-szep-minoseg\/","title":{"rendered":"1950 Magyarorsz\u00e1g &#8211; UPU postatiszta ** fogazott blokk \u2013 sz\u00e9p min\u0151s\u00e9g"},"content":{"rendered":"","protected":false},"excerpt":{"rendered":"<p>H\u00e1tul az enyvez\u00e9sben egy ecsetsz\u00e1l beragadt, a baloldalon minim\u00e1lis gumi\u00e9r.<\/p>\n","protected":false},"featured_media":32919,"template":"","meta":[],"product_brand":[],"product_cat":[1172],"product_tag":[1669,116,1006],"class_list":{"0":"post-27139","1":"product","2":"type-product","3":"status-publish","4":"has-post-thumbnail","6":"product_cat-magyarorszag","7":"product_tag-3rd-auction","8":"product_tag-belyeg","9":"product_tag-unsold","11":"first","12":"instock","13":"sold-individually","14":"shipping-taxable","15":"purchasable","16":"product-type-simple"},"_links":{"self":[{"href":"https:\/\/stampcurio.com\/hu\/wp-json\/wp\/v2\/product\/27139","targetHints":{"allow":["GET"]}}],"collection":[{"href":"https:\/\/stampcurio.com\/hu\/wp-json\/wp\/v2\/product"}],"about":[{"href":"https:\/\/stampcurio.com\/hu\/wp-json\/wp\/v2\/types\/product"}],"wp:featuredmedia":[{"embeddable":true,"href":"https:\/\/stampcurio.com\/hu\/wp-json\/wp\/v2\/media\/32919"}],"wp:attachment":[{"href":"https:\/\/stampcurio.com\/hu\/wp-json\/wp\/v2\/media?parent=27139"}],"wp:term":[{"taxonomy":"product_brand","embeddable":true,"href":"https:\/\/stampcurio.com\/hu\/wp-json\/wp\/v2\/product_brand?post=27139"},{"taxonomy":"product_cat","embeddable":true,"href":"https:\/\/stampcurio.com\/hu\/wp-json\/wp\/v2\/product_cat?post=27139"},{"taxonomy":"product_tag","embeddable":true,"href":"https:\/\/stampcurio.com\/hu\/wp-json\/wp\/v2\/product_tag?post=27139"}],"curies":[{"name":"wp","href":"https:\/\/api.w.org\/{rel}","templated":true}]}}