{"id":27138,"date":"2025-11-24T16:27:30","date_gmt":"2025-11-24T15:27:30","guid":{"rendered":"https:\/\/stampcurio.com\/product\/1906-1920-magyarorszag-2-db-jatekkartya-szignetta-1920-10-korona-1906-60-filler-szucs-80-eur\/"},"modified":"2026-01-05T15:14:33","modified_gmt":"2026-01-05T14:14:33","slug":"1906-1920-magyarorszag-ket-jatekkartya-szignettaval-1906-60-filler-es-1920-10-korona-szucs-80-eur","status":"publish","type":"product","link":"https:\/\/stampcurio.com\/hu\/termek\/1906-1920-magyarorszag-ket-jatekkartya-szignettaval-1906-60-filler-es-1920-10-korona-szucs-80-eur\/","title":{"rendered":"1906 \/ 1920 Magyarorsz\u00e1g &#8211; k\u00e9t j\u00e1t\u00e9kk\u00e1rtya szignett\u00e1val: 1906 60 fill\u00e9r \u00e9s 1920 10 korona  | Sz\u0171cs: 80 EUR"},"content":{"rendered":"","protected":false},"excerpt":{"rendered":"","protected":false},"featured_media":32929,"template":"","meta":[],"product_brand":[],"product_cat":[1172],"product_tag":[1669,282,1329,1006],"class_list":{"0":"post-27138","1":"product","2":"type-product","3":"status-publish","4":"has-post-thumbnail","6":"product_cat-magyarorszag","7":"product_tag-3rd-auction","8":"product_tag-okmanybelyeg","9":"product_tag-szignetta","10":"product_tag-unsold","12":"first","13":"instock","14":"sold-individually","15":"shipping-taxable","16":"purchasable","17":"product-type-simple"},"_links":{"self":[{"href":"https:\/\/stampcurio.com\/hu\/wp-json\/wp\/v2\/product\/27138","targetHints":{"allow":["GET"]}}],"collection":[{"href":"https:\/\/stampcurio.com\/hu\/wp-json\/wp\/v2\/product"}],"about":[{"href":"https:\/\/stampcurio.com\/hu\/wp-json\/wp\/v2\/types\/product"}],"wp:featuredmedia":[{"embeddable":true,"href":"https:\/\/stampcurio.com\/hu\/wp-json\/wp\/v2\/media\/32929"}],"wp:attachment":[{"href":"https:\/\/stampcurio.com\/hu\/wp-json\/wp\/v2\/media?parent=27138"}],"wp:term":[{"taxonomy":"product_brand","embeddable":true,"href":"https:\/\/stampcurio.com\/hu\/wp-json\/wp\/v2\/product_brand?post=27138"},{"taxonomy":"product_cat","embeddable":true,"href":"https:\/\/stampcurio.com\/hu\/wp-json\/wp\/v2\/product_cat?post=27138"},{"taxonomy":"product_tag","embeddable":true,"href":"https:\/\/stampcurio.com\/hu\/wp-json\/wp\/v2\/product_tag?post=27138"}],"curies":[{"name":"wp","href":"https:\/\/api.w.org\/{rel}","templated":true}]}}