{"id":27137,"date":"2025-11-24T16:27:30","date_gmt":"2025-11-24T15:27:30","guid":{"rendered":"https:\/\/stampcurio.com\/product\/1858-76-onemet-allamok-5-db-level-magyarorszagra-kuldve-jobb-destinacio\/"},"modified":"2026-01-07T11:45:31","modified_gmt":"2026-01-07T10:45:31","slug":"1858-76-nemetorszag-onemet-allamok-5-db-level-magyarorszagra-kuldve-jobb-destinacio","status":"publish","type":"product","link":"https:\/\/stampcurio.com\/hu\/termek\/1858-76-nemetorszag-onemet-allamok-5-db-level-magyarorszagra-kuldve-jobb-destinacio\/","title":{"rendered":"1858-76 N\u00e9metorsz\u00e1g &#8211; \u00d3n\u00e9met \u00c1llamok &#8211; 5 db lev\u00e9l Magyarorsz\u00e1gra k\u00fcldve \u2013 jobb destin\u00e1ci\u00f3"},"content":{"rendered":"","protected":false},"excerpt":{"rendered":"","protected":false},"featured_media":28947,"template":"","meta":[],"product_brand":[],"product_cat":[1172,1175],"product_tag":[1669,116,74,89],"class_list":{"0":"post-27137","1":"product","2":"type-product","3":"status-publish","4":"has-post-thumbnail","6":"product_cat-magyarorszag","7":"product_cat-nemetorszag","8":"product_tag-3rd-auction","9":"product_tag-belyeg","10":"product_tag-dijjegyes","11":"product_tag-postatortenet","13":"first","14":"outofstock","15":"sold-individually","16":"shipping-taxable","17":"purchasable","18":"product-type-simple"},"_links":{"self":[{"href":"https:\/\/stampcurio.com\/hu\/wp-json\/wp\/v2\/product\/27137","targetHints":{"allow":["GET"]}}],"collection":[{"href":"https:\/\/stampcurio.com\/hu\/wp-json\/wp\/v2\/product"}],"about":[{"href":"https:\/\/stampcurio.com\/hu\/wp-json\/wp\/v2\/types\/product"}],"wp:featuredmedia":[{"embeddable":true,"href":"https:\/\/stampcurio.com\/hu\/wp-json\/wp\/v2\/media\/28947"}],"wp:attachment":[{"href":"https:\/\/stampcurio.com\/hu\/wp-json\/wp\/v2\/media?parent=27137"}],"wp:term":[{"taxonomy":"product_brand","embeddable":true,"href":"https:\/\/stampcurio.com\/hu\/wp-json\/wp\/v2\/product_brand?post=27137"},{"taxonomy":"product_cat","embeddable":true,"href":"https:\/\/stampcurio.com\/hu\/wp-json\/wp\/v2\/product_cat?post=27137"},{"taxonomy":"product_tag","embeddable":true,"href":"https:\/\/stampcurio.com\/hu\/wp-json\/wp\/v2\/product_tag?post=27137"}],"curies":[{"name":"wp","href":"https:\/\/api.w.org\/{rel}","templated":true}]}}